{"id":75,"date":"2020-01-27T08:29:32","date_gmt":"2020-01-27T08:29:32","guid":{"rendered":"https:\/\/demosites.io\/web-agency-gb\/?page_id=75"},"modified":"2023-02-15T14:41:01","modified_gmt":"2023-02-15T14:41:01","slug":"contact","status":"publish","type":"page","link":"https:\/\/digital-identity.ro\/ro\/contact\/","title":{"rendered":"Contact"},"content":{"rendered":"\n<div class=\"section-wrapper\" data-id=\"GpF4nm\"><section class=\"wp-block-gutenverse-section guten-element guten-section guten-GpF4nm layout-boxed align-stretch\"><div class=\"guten-background-overlay\"><\/div><div class=\"guten-shape-divider guten-shape-divider-top\"><\/div><div class=\"guten-shape-divider guten-shape-divider-bottom\"><\/div><div class=\"guten-container guten-column-gap-default\">\n<div class=\"wp-block-gutenverse-column guten-element guten-column guten-eVe4dM\"><div class=\"guten-background-overlay\"><\/div><div class=\"sticky-wrapper\" data-id=\"eVe4dM\"><div class=\"guten-column-wrapper\">\n<h2 class=\"wp-block-gutenverse-heading guten-element guten-0lApJl\">Trimite-ne mesaj!<\/h2>\n\n\n\n<div class=\"section-wrapper\" data-id=\"FyU58P\"><section class=\"wp-block-gutenverse-section guten-element guten-section guten-FyU58P layout-boxed align-stretch\"><div class=\"guten-background-overlay\"><\/div><div class=\"guten-shape-divider guten-shape-divider-top\"><\/div><div class=\"guten-shape-divider guten-shape-divider-bottom\"><\/div><div class=\"guten-container guten-column-gap-default\">\n<div class=\"wp-block-gutenverse-column guten-element guten-column guten-li9pEn\"><div class=\"guten-background-overlay\"><\/div><div class=\"sticky-wrapper\" data-id=\"li9pEn\"><div class=\"guten-column-wrapper\"><\/div><\/div><\/div>\n\n\n\n<div class=\"wp-block-gutenverse-column guten-element guten-column guten-JPbEXl\"><div class=\"guten-background-overlay\"><\/div><div class=\"sticky-wrapper\" data-id=\"JPbEXl\"><div class=\"guten-column-wrapper\">\n<h5 class=\"wp-block-gutenverse-heading guten-element guten-O1649j\">Te rug\u0103m s\u0103 ne contactezi pentru orice \u00eentreb\u0103ri sau nel\u0103muriri ai avea. Po\u021bi s\u0103 ne trimite\u021bi un mesaj PRIN formularul de contact de mai jos SAU FOLOSIND DATE URM\u0102TOARE DE CONTACT.<\/h5>\n<\/div><\/div><\/div>\n\n\n\n<div class=\"wp-block-gutenverse-column guten-element guten-column guten-zlQswS\"><div class=\"guten-background-overlay\"><\/div><div class=\"sticky-wrapper\" data-id=\"zlQswS\"><div class=\"guten-column-wrapper\"><\/div><\/div><\/div>\n<\/div><\/section><\/div>\n\n\n\n<div class=\"section-wrapper\" data-id=\"MsymV8\"><section class=\"wp-block-gutenverse-section guten-element guten-section guten-MsymV8 layout-boxed align-stretch\"><div class=\"guten-background-overlay\"><\/div><div class=\"guten-shape-divider guten-shape-divider-top\"><\/div><div class=\"guten-shape-divider guten-shape-divider-bottom\"><\/div><div class=\"guten-container guten-column-gap-default\">\n<div class=\"wp-block-gutenverse-column guten-element guten-column guten-zuBUKg\"><div class=\"guten-background-overlay\"><\/div><div class=\"sticky-wrapper\" data-id=\"zuBUKg\"><div class=\"guten-column-wrapper\"><\/div><\/div><\/div>\n\n\n\n<div class=\"wp-block-gutenverse-column guten-element guten-column guten-rCQpMX\"><div class=\"guten-background-overlay\"><\/div><div class=\"sticky-wrapper\" data-id=\"rCQpMX\"><div class=\"guten-column-wrapper\">\n<form style=\"display:none\" class=\"guten-element guten-form-builder guten-bo3EZc\" data-form-id=\"1396\" data-hide-after=\"false\">\n<div class=\"guten-element guten-form-input-text guten-form-input guten-input-position-top guten-eXAueX hide-helper\"><div class=\"label-wrapper\"><label class=\"input-label\">Nume<\/label><\/div><div class=\"main-wrapper\"><input data-validation=\"{&quot;type&quot;:&quot;text&quot;,&quot;required&quot;:false,&quot;validationType&quot;:&quot;none&quot;,&quot;validationWarning&quot;:&quot;Input Invalid&quot;}\" placeholder=\"Numele t\u0103u...\" name=\"input-text-name\" class=\"gutenverse-input gutenverse-input-text\" type=\"text\"\/><div class=\"validation-error\">Input Invalid<\/div><\/div><\/div>\n\n\n\n<div class=\"guten-element guten-form-input-email guten-form-input guten-input-position-top guten-Zl4kG8 hide-helper\"><div class=\"label-wrapper\"><label class=\"input-label\">Email<\/label><\/div><div class=\"main-wrapper\"><input data-validation=\"{&quot;type&quot;:&quot;email&quot;,&quot;required&quot;:false,&quot;validationType&quot;:&quot;none&quot;,&quot;validationWarning&quot;:&quot;Input Invalid&quot;}\" placeholder=\"Email...\" name=\"input-email\" class=\"gutenverse-input gutenverse-input-email\" type=\"email\"\/><div class=\"validation-error\">Input Invalid<\/div><\/div><\/div>\n\n\n\n<div class=\"guten-element guten-form-input-telp guten-form-input guten-input-position-top guten-nkFhDr hide-helper\"><div class=\"label-wrapper\"><label class=\"input-label\">Num\u0103rul t\u0103u de telefon&#8230;<\/label><span class=\"required-badge\">*<\/span><\/div><div class=\"main-wrapper\"><input data-validation=\"{&quot;type&quot;:&quot;telp&quot;,&quot;required&quot;:true,&quot;validationType&quot;:&quot;none&quot;,&quot;validationWarning&quot;:&quot;Input Invalid&quot;}\" placeholder=\"075 * * * * * * *\" name=\"input-telp\" class=\"gutenverse-input gutenverse-input-tel\" type=\"tel\" pattern=\"[0-9]{10-14}\"\/><div class=\"validation-error\">Input Invalid<\/div><\/div><\/div>\n\n\n\n<div class=\"guten-element guten-form-input-text guten-form-input guten-input-position-top guten-Gfjncm hide-helper\"><div class=\"label-wrapper\"><label class=\"input-label\">Subiect<\/label><\/div><div class=\"main-wrapper\"><input data-validation=\"{&quot;type&quot;:&quot;text&quot;,&quot;required&quot;:false,&quot;validationType&quot;:&quot;none&quot;,&quot;validationWarning&quot;:&quot;Input Invalid&quot;}\" placeholder=\"Despre ce vrei s\u0103 vorbe\u0219ti cu noi?\" name=\"input-text-name\" class=\"gutenverse-input gutenverse-input-text\" type=\"text\"\/><div class=\"validation-error\">Input Invalid<\/div><\/div><\/div>\n\n\n\n<div class=\"guten-element guten-form-input-textarea guten-form-input guten-input-position-top guten-JSQcVY hide-helper\"><div class=\"label-wrapper\"><label class=\"input-label\">Mesaj:<\/label><\/div><div class=\"main-wrapper\"><textarea data-validation=\"{&quot;type&quot;:&quot;textarea&quot;,&quot;required&quot;:false,&quot;validationType&quot;:&quot;none&quot;,&quot;validationWarning&quot;:&quot;Input Invalid&quot;}\" placeholder=\"Mesajul t\u0103u...\" name=\"input-textarea\" class=\"gutenverse-input gutenverse-input-text\"><\/textarea><div class=\"validation-error\">Input Invalid<\/div><\/div><\/div>\n\n\n\n<div class=\"guten-element guten-button-wrapper guten-submit-wrapper guten-Zpwcsf\"><div class=\"form-notification\"><\/div><button class=\"guten-button gutenverse-input-submit guten-button-lg\" type=\"submit\"><span>Trimite mesaj<\/span><\/button><div class=\"gutenverse-input-submit-loader\"><i class=\"fas fa-spinner fa-spin\"><\/i><\/div><\/div>\n<\/form>\n<\/div><\/div><\/div>\n\n\n\n<div class=\"wp-block-gutenverse-column guten-element guten-column guten-0Cw38u\"><div class=\"guten-background-overlay\"><\/div><div class=\"sticky-wrapper\" data-id=\"0Cw38u\"><div class=\"guten-column-wrapper\"><\/div><\/div><\/div>\n<\/div><\/section><\/div>\n<\/div><\/div><\/div>\n<\/div><\/section><\/div>\n\n\n\n<div class=\"section-wrapper\" data-id=\"oVnLob\"><section class=\"wp-block-gutenverse-section guten-element guten-section guten-oVnLob layout-boxed align-stretch\"><div class=\"guten-background-overlay\"><\/div><div class=\"guten-shape-divider guten-shape-divider-top\"><\/div><div class=\"guten-shape-divider guten-shape-divider-bottom\"><\/div><div class=\"guten-container guten-column-gap-default\">\n<div class=\"wp-block-gutenverse-column guten-element guten-column guten-r50hlx\"><div class=\"guten-background-overlay\"><\/div><div class=\"sticky-wrapper\" data-id=\"r50hlx\"><div class=\"guten-column-wrapper\">\n<div class=\"section-wrapper\" data-id=\"1yOMTJ\"><section class=\"wp-block-gutenverse-section guten-element guten-section guten-1yOMTJ layout-boxed align-stretch\"><div class=\"guten-background-overlay\"><\/div><div class=\"guten-shape-divider guten-shape-divider-top\"><\/div><div class=\"guten-shape-divider guten-shape-divider-bottom\"><\/div><div class=\"guten-container guten-column-gap-no\">\n<div class=\"wp-block-gutenverse-column guten-element guten-column guten-HYlqzk\"><div class=\"guten-background-overlay\"><\/div><div class=\"sticky-wrapper\" data-id=\"HYlqzk\"><div class=\"guten-column-wrapper\">\n<h2 class=\"wp-block-gutenverse-heading guten-element guten-INuirH\">Contacteaz\u0103-ne direct.<\/h2>\n\n\n\n<h5 class=\"wp-block-gutenverse-heading guten-element guten-ByMoqk\">Get in touch with Digital Identity<\/h5>\n<\/div><\/div><\/div>\n<\/div><\/section><\/div>\n\n\n\n<div class=\"section-wrapper\" data-id=\"hUZbcm\"><section class=\"wp-block-gutenverse-section guten-element guten-section guten-hUZbcm layout-boxed align-stretch\"><div class=\"guten-background-overlay\"><\/div><div class=\"guten-shape-divider guten-shape-divider-top\"><\/div><div class=\"guten-shape-divider guten-shape-divider-bottom\"><\/div><div class=\"guten-container guten-column-gap-no\">\n<div class=\"wp-block-gutenverse-column guten-element guten-column guten-SMOlAc\"><div class=\"guten-background-overlay\"><\/div><div class=\"sticky-wrapper\" data-id=\"SMOlAc\"><div class=\"guten-column-wrapper\">\n<div class=\"wp-block-gutenverse-icon guten-element guten-ntkMBy guten-icon\"><span class=\"guten-icon-wrapper rounded stacked\"><i class=\"gtn gtn-phone1-light\"><\/i><\/span><\/div>\n\n\n\n<h3 class=\"wp-block-gutenverse-heading guten-element guten-QrOmD1\">Tel \/ WhatsApp<\/h3>\n\n\n\n<div class=\"guten-element gutenverse-text-editor guten-FyGiIj\"><div class=\"text-content-inner\">\n<p><a href=\"tel:+40756157357\" target=\"_blank\" data-type=\"tel\" data-id=\"tel:+40756157357\" rel=\"noreferrer noopener\">+40 756 157 357<\/a><\/p>\n<\/div><\/div>\n\n\n\n<div class=\"guten-element gutenverse-text-editor guten-BcHE7N\"><div class=\"text-content-inner\"><\/div><\/div>\n<\/div><\/div><\/div>\n\n\n\n<div class=\"wp-block-gutenverse-column guten-element guten-column guten-LNRVvy\"><div class=\"guten-background-overlay\"><\/div><div class=\"sticky-wrapper\" data-id=\"LNRVvy\"><div class=\"guten-column-wrapper\">\n<div class=\"wp-block-gutenverse-icon guten-element guten-1DmM1Y guten-icon\"><span class=\"guten-icon-wrapper rounded stacked\"><i class=\"gtn gtn-map-marker-light\"><\/i><\/span><\/div>\n\n\n\n<h3 class=\"wp-block-gutenverse-heading guten-element guten-YgP4fu\">Locatie<\/h3>\n\n\n\n<div class=\"guten-element gutenverse-text-editor guten-wi9yVk\"><div class=\"text-content-inner\">\n<p>bd. M. Kogalniceanu 17, Brasov<\/p>\n<\/div><\/div>\n<\/div><\/div><\/div>\n\n\n\n<div class=\"wp-block-gutenverse-column guten-element guten-column guten-GXVx9a\"><div class=\"guten-background-overlay\"><\/div><div class=\"sticky-wrapper\" data-id=\"GXVx9a\"><div class=\"guten-column-wrapper\">\n<div class=\"wp-block-gutenverse-icon guten-element guten-tBLIMW guten-icon\"><span class=\"guten-icon-wrapper rounded stacked\"><i class=\"gtn gtn-email1-light\"><\/i><\/span><\/div>\n\n\n\n<h3 class=\"wp-block-gutenverse-heading guten-element guten-clD5A8\">Email<\/h3>\n\n\n\n<div class=\"guten-element gutenverse-text-editor guten-bBcCIl\"><div class=\"text-content-inner\">\n<p><a href=\"mailto:info@digital-identity.ro\" target=\"_blank\" rel=\"noreferrer noopener\">info@digital-identity.ro<\/a><\/p>\n<\/div><\/div>\n<\/div><\/div><\/div>\n<\/div><\/section><\/div>\n<\/div><\/div><\/div>\n<\/div><\/section><\/div>\n\n\n\n<div class=\"section-wrapper\" data-id=\"HrmcEJ\"><section class=\"wp-block-gutenverse-section guten-element guten-section guten-HrmcEJ hide-desktop hide-tablet hide-mobile layout-fullwidth align-stretch\"><div class=\"guten-background-overlay\"><\/div><div class=\"guten-shape-divider guten-shape-divider-top\"><\/div><div class=\"guten-shape-divider guten-shape-divider-bottom\"><\/div><div class=\"guten-container guten-column-gap-no\">\n<div class=\"wp-block-gutenverse-column guten-element guten-column guten-q3lgRr\"><div class=\"guten-background-overlay\"><\/div><div class=\"sticky-wrapper\" data-id=\"q3lgRr\"><div class=\"guten-column-wrapper\">\n<div class=\"guten-element gutenverse-maps guten-oGEFfX\"><iframe frameborder=\"0\" scrolling=\"no\" marginheight=\"0\" marginwidth=\"0\" src=\"https:\/\/maps.google.com\/maps?q=Jl.%20Sunset%20Road%2C%20Bali&amp;z=17&amp;t=m&amp;output=embed&amp;iwloc=near\" title=\"Jl. Sunset Road, Bali\"><\/iframe><\/div>\n<\/div><\/div><\/div>\n<\/div><\/section><\/div>\n","protected":false},"excerpt":{"rendered":"","protected":false},"author":1,"featured_media":0,"parent":0,"menu_order":0,"comment_status":"closed","ping_status":"closed","template":"","meta":{"footnotes":""},"class_list":["post-75","page","type-page","status-publish","hentry"],"_links":{"self":[{"href":"https:\/\/digital-identity.ro\/ro\/wp-json\/wp\/v2\/pages\/75","targetHints":{"allow":["GET"]}}],"collection":[{"href":"https:\/\/digital-identity.ro\/ro\/wp-json\/wp\/v2\/pages"}],"about":[{"href":"https:\/\/digital-identity.ro\/ro\/wp-json\/wp\/v2\/types\/page"}],"author":[{"embeddable":true,"href":"https:\/\/digital-identity.ro\/ro\/wp-json\/wp\/v2\/users\/1"}],"replies":[{"embeddable":true,"href":"https:\/\/digital-identity.ro\/ro\/wp-json\/wp\/v2\/comments?post=75"}],"version-history":[{"count":48,"href":"https:\/\/digital-identity.ro\/ro\/wp-json\/wp\/v2\/pages\/75\/revisions"}],"predecessor-version":[{"id":1910,"href":"https:\/\/digital-identity.ro\/ro\/wp-json\/wp\/v2\/pages\/75\/revisions\/1910"}],"wp:attachment":[{"href":"https:\/\/digital-identity.ro\/ro\/wp-json\/wp\/v2\/media?parent=75"}],"curies":[{"name":"wp","href":"https:\/\/api.w.org\/{rel}","templated":true}]}}