{"id":61,"date":"2020-01-23T18:21:52","date_gmt":"2020-01-23T18:21:52","guid":{"rendered":"https:\/\/demosites.io\/web-agency-gb\/?page_id=61"},"modified":"2024-04-30T16:47:57","modified_gmt":"2024-04-30T16:47:57","slug":"despre-noi","status":"publish","type":"page","link":"https:\/\/digital-identity.ro\/ro\/despre-noi\/","title":{"rendered":"Despre noi"},"content":{"rendered":"\n<div class=\"section-wrapper\" data-id=\"obXGyB\"><section class=\"wp-block-gutenverse-section guten-element guten-section guten-obXGyB layout-boxed align-stretch\"><div class=\"guten-background-overlay\"><\/div><div class=\"guten-shape-divider guten-shape-divider-top\"><\/div><div class=\"guten-shape-divider guten-shape-divider-bottom\"><\/div><div class=\"guten-container guten-column-gap-default\">\n<div class=\"wp-block-gutenverse-column guten-element guten-column guten-tKvQ2z\"><div class=\"guten-background-overlay\"><\/div><div class=\"sticky-wrapper\" data-id=\"tKvQ2z\"><div class=\"guten-column-wrapper\">\n<div class=\"section-wrapper\" data-id=\"HCjPF4\"><section class=\"wp-block-gutenverse-section guten-element guten-section guten-HCjPF4 layout-boxed align-stretch\"><div class=\"guten-background-overlay\"><\/div><div class=\"guten-shape-divider guten-shape-divider-top\"><\/div><div class=\"guten-shape-divider guten-shape-divider-bottom\"><\/div><div class=\"guten-container guten-column-gap-no\">\n<div class=\"wp-block-gutenverse-column guten-element guten-column guten-oSmoVg\"><div class=\"guten-background-overlay\"><\/div><div class=\"sticky-wrapper\" data-id=\"oSmoVg\"><div class=\"guten-column-wrapper\">\n<div class=\"guten-element guten-advanced-heading guten-k2TcxW animated guten-element-hide desktop-fadeInLeft\"><div class=\"heading-section \"><div class=\"heading-line before\"><\/div><h2 class=\"heading-title\">Cine suntem noi?<span class=\"heading-focus\"><\/span><\/h2><\/div><span class=\"heading-subtitle\">CEA MAI POPULAR\u0102 AGENTIE DIGITAL\u0102 DE WEB DESIGN \u00ceNC\u0102 DIN 2013<\/span><\/div>\n<\/div><\/div><\/div>\n\n\n\n<div class=\"wp-block-gutenverse-column guten-element guten-column guten-SK5WvY hide-mobile\"><div class=\"guten-background-overlay\"><\/div><div class=\"sticky-wrapper\" data-id=\"SK5WvY\"><div class=\"guten-column-wrapper\"><\/div><\/div><\/div>\n<\/div><\/section><\/div>\n\n\n\n<div class=\"section-wrapper\" data-id=\"izS9qE\"><section class=\"wp-block-gutenverse-section guten-element guten-section guten-izS9qE layout-boxed align-stretch\"><div class=\"guten-background-overlay\"><\/div><div class=\"guten-shape-divider guten-shape-divider-top\"><\/div><div class=\"guten-shape-divider guten-shape-divider-bottom\"><\/div><div class=\"guten-container guten-column-gap-no\">\n<div class=\"wp-block-gutenverse-column guten-element guten-column guten-EQjkS9\"><div class=\"guten-background-overlay\"><\/div><div class=\"sticky-wrapper\" data-id=\"EQjkS9\"><div class=\"guten-column-wrapper\">\n<figure class=\"wp-block-table has-normal-font-size\"><table class=\"has-zeever-primary-color has-text-color\" style=\"border-style:none;border-width:0px\"><tbody><tr><td><strong>Firm\u0103:<\/strong><\/td><td class=\"has-text-align-left\" data-align=\"left\">Digital Identity srl<\/td><\/tr><tr><td><strong>CUI:<\/strong><\/td><td class=\"has-text-align-left\" data-align=\"left\">46700703<\/td><\/tr><tr><td><strong>EUID:<\/strong><\/td><td class=\"has-text-align-left\" data-align=\"left\">ROONRC.J08\/2667\/2022<\/td><\/tr><tr><td><strong>Adres\u0103:<\/strong><\/td><td class=\"has-text-align-left\" data-align=\"left\">bd. M. Kogalniceanu 17, Brasov<\/td><\/tr><\/tbody><\/table><\/figure>\n<\/div><\/div><\/div>\n\n\n\n<div class=\"wp-block-gutenverse-column guten-element guten-column guten-udTG41 hide-mobile\"><div class=\"guten-background-overlay\"><\/div><div class=\"sticky-wrapper\" data-id=\"udTG41\"><div class=\"guten-column-wrapper\"><\/div><\/div><\/div>\n<\/div><\/section><\/div>\n\n\n\n<div class=\"section-wrapper\" data-id=\"7rs9dk\"><section class=\"wp-block-gutenverse-section guten-element guten-section guten-7rs9dk layout-boxed align-stretch\"><div class=\"guten-background-overlay\"><\/div><div class=\"guten-shape-divider guten-shape-divider-top\"><\/div><div class=\"guten-shape-divider guten-shape-divider-bottom\"><\/div><div class=\"guten-container guten-column-gap-no\">\n<div class=\"wp-block-gutenverse-column guten-element guten-column guten-Yn0JfF\"><div class=\"guten-background-overlay\"><\/div><div class=\"sticky-wrapper\" data-id=\"Yn0JfF\"><div class=\"guten-column-wrapper\">\n<div class=\"guten-element guten-spacer guten-hJdbDG\"><\/div>\n\n\n\n<h3 class=\"wp-block-gutenverse-heading guten-element guten-Pgt5Dy\">Echipa noastr\u0103<\/h3>\n\n\n\n<h6 class=\"wp-block-gutenverse-heading guten-element guten-2GWVB2\">Partenerul t\u0103u din mediul online.<\/h6>\n<\/div><\/div><\/div>\n\n\n\n<div class=\"wp-block-gutenverse-column guten-element guten-column guten-0mCjNX\"><div class=\"guten-background-overlay\"><\/div><div class=\"sticky-wrapper\" data-id=\"0mCjNX\"><div class=\"guten-column-wrapper\">\n<div class=\"section-wrapper\" data-id=\"7IuoyB\"><section class=\"wp-block-gutenverse-section guten-element guten-section guten-7IuoyB layout-boxed align-stretch\"><div class=\"guten-background-overlay\"><\/div><div class=\"guten-shape-divider guten-shape-divider-top\"><\/div><div class=\"guten-shape-divider guten-shape-divider-bottom\"><\/div><div class=\"guten-container guten-column-gap-no\">\n<div class=\"wp-block-gutenverse-column guten-element guten-column guten-CET9jO\"><div class=\"guten-background-overlay\"><\/div><div class=\"sticky-wrapper\" data-id=\"CET9jO\"><div class=\"guten-column-wrapper\">\n<div class=\"guten-element guten-spacer guten-q4dEDz\"><\/div>\n\n\n\n<h3 class=\"wp-block-gutenverse-heading guten-element guten-1wAQJu\">Filozofie<\/h3>\n\n\n\n<h6 class=\"wp-block-gutenverse-heading guten-element guten-zaSHtm\">\u201cCreativitatea cere curaj.\u201d \u2013 Henri Matisse<\/h6>\n<\/div><\/div><\/div>\n<\/div><\/section><\/div>\n\n\n\n<div class=\"section-wrapper\" data-id=\"HZei0f\"><section class=\"wp-block-gutenverse-section guten-element guten-section guten-HZei0f layout-boxed align-stretch\"><div class=\"guten-background-overlay\"><\/div><div class=\"guten-shape-divider guten-shape-divider-top\"><\/div><div class=\"guten-shape-divider guten-shape-divider-bottom\"><\/div><div class=\"guten-container guten-column-gap-no\">\n<div class=\"wp-block-gutenverse-column guten-element guten-column guten-NdSsGZ\"><div class=\"guten-background-overlay\"><\/div><div class=\"sticky-wrapper\" data-id=\"NdSsGZ\"><div class=\"guten-column-wrapper\">\n<div class=\"guten-element guten-spacer guten-s6L1yx\"><\/div>\n\n\n\n<h3 class=\"wp-block-gutenverse-heading guten-element guten-fWX3sM\">Office<\/h3>\n\n\n\n<h6 class=\"wp-block-gutenverse-heading guten-element guten-7P6Byo\">Bra\u0219ov, cel mai frumos oras<\/h6>\n<\/div><\/div><\/div>\n<\/div><\/section><\/div>\n<\/div><\/div><\/div>\n<\/div><\/section><\/div>\n\n\n\n<div class=\"section-wrapper\" data-id=\"P1Qbp8\"><section class=\"wp-block-gutenverse-section guten-element guten-section guten-P1Qbp8 layout-boxed align-stretch\"><div class=\"guten-background-overlay\"><\/div><div class=\"guten-shape-divider guten-shape-divider-top\"><\/div><div class=\"guten-shape-divider guten-shape-divider-bottom\"><\/div><div class=\"guten-container guten-column-gap-no\">\n<div class=\"wp-block-gutenverse-column guten-element guten-column guten-smQZtX\"><div class=\"guten-background-overlay\"><\/div><div class=\"sticky-wrapper\" data-id=\"smQZtX\"><div class=\"guten-column-wrapper\">\n<h3 class=\"wp-block-gutenverse-heading guten-element guten-x59TDO animated guten-element-hide desktop-fadeInUp\">Ce facem noi?<\/h3>\n\n\n\n<div class=\"guten-element gutenverse-text-editor guten-Toianl animated guten-element-hide desktop-fadeInUp\"><div class=\"text-content-inner\">\n<p class=\"has-text-align-center\">Ajut\u0103m companiile s\u0103-\u0219i creeze \u0219i s\u0103-\u0219i optimizeze prezen\u021ba online prin oferirea unor servicii complete de web design, SEO, promovare prin motoare de c\u0103utare, optimizare pentru dispozitive mobile, creare de con\u021binut \u0219i social media marketing, pentru a le ajuta s\u0103-\u0219i dezvolte business-ul \u0219i s\u0103-\u0219i ating\u0103 obiectivele de marketing.<\/p>\n<\/div><\/div>\n<\/div><\/div><\/div>\n\n\n\n<div class=\"wp-block-gutenverse-column guten-element guten-column guten-qeNL8Z\"><div class=\"guten-background-overlay\"><\/div><div class=\"sticky-wrapper\" data-id=\"qeNL8Z\"><div class=\"guten-column-wrapper\">\n<h3 class=\"wp-block-gutenverse-heading guten-element guten-TD09Y8 animated guten-element-hide desktop-fadeInUp\">Viziunea noastra<\/h3>\n\n\n\n<div class=\"guten-element gutenverse-text-editor guten-UajxWf animated guten-element-hide desktop-fadeInUp\"><div class=\"text-content-inner\">\n<p class=\"has-text-align-center\">Dorim s\u0103 cre\u0103m solu\u021bii web de top, care s\u0103 contribuie la crearea de noi produse \u0219i aplica\u021bii web. Oferim cel mai \u00eenalt nivel de servicii de web design \u0219i dezvoltare web, \u00eembun\u0103t\u0103\u021bind experien\u021ba prin design \u0219i interfa\u021ba intuitiv\u0103 \u0219i oferind solu\u021bii de calitate care s\u0103 contribuie la dezvoltarea afacerii.<\/p>\n<\/div><\/div>\n<\/div><\/div><\/div>\n\n\n\n<div class=\"wp-block-gutenverse-column guten-element guten-column guten-h32fPu\"><div class=\"guten-background-overlay\"><\/div><div class=\"sticky-wrapper\" data-id=\"h32fPu\"><div class=\"guten-column-wrapper\">\n<h3 class=\"wp-block-gutenverse-heading guten-element guten-8FrDiR animated guten-element-hide desktop-fadeInUp\">Misiunea noastr\u0103<\/h3>\n\n\n\n<div class=\"guten-element gutenverse-text-editor guten-T3iEWL animated guten-element-hide desktop-fadeInUp\"><div class=\"text-content-inner\">\n<p class=\"has-text-align-center\">Misiunea noastr\u0103 este s\u0103 oferim consiliere suport profesionist \u0219i servicii web design de cea mai bun\u0103 calitate, care s\u0103 r\u0103spund\u0103 nevoilor de business ale clien\u021bilor no\u0219tri, astfel \u00eenc\u00e2t s\u0103 ajut\u0103m clien\u021bii no\u0219tri s\u0103-\u0219i construiasc\u0103 prezen\u021ba online \u0219i s\u0103 aplice strategii de business eficiente.<\/p>\n<\/div><\/div>\n<\/div><\/div><\/div>\n<\/div><\/section><\/div>\n<\/div><\/div><\/div>\n<\/div><\/section><\/div>\n","protected":false},"excerpt":{"rendered":"","protected":false},"author":1,"featured_media":0,"parent":0,"menu_order":0,"comment_status":"closed","ping_status":"closed","template":"","meta":{"footnotes":""},"class_list":["post-61","page","type-page","status-publish","hentry"],"_links":{"self":[{"href":"https:\/\/digital-identity.ro\/ro\/wp-json\/wp\/v2\/pages\/61","targetHints":{"allow":["GET"]}}],"collection":[{"href":"https:\/\/digital-identity.ro\/ro\/wp-json\/wp\/v2\/pages"}],"about":[{"href":"https:\/\/digital-identity.ro\/ro\/wp-json\/wp\/v2\/types\/page"}],"author":[{"embeddable":true,"href":"https:\/\/digital-identity.ro\/ro\/wp-json\/wp\/v2\/users\/1"}],"replies":[{"embeddable":true,"href":"https:\/\/digital-identity.ro\/ro\/wp-json\/wp\/v2\/comments?post=61"}],"version-history":[{"count":9,"href":"https:\/\/digital-identity.ro\/ro\/wp-json\/wp\/v2\/pages\/61\/revisions"}],"predecessor-version":[{"id":2046,"href":"https:\/\/digital-identity.ro\/ro\/wp-json\/wp\/v2\/pages\/61\/revisions\/2046"}],"wp:attachment":[{"href":"https:\/\/digital-identity.ro\/ro\/wp-json\/wp\/v2\/media?parent=61"}],"curies":[{"name":"wp","href":"https:\/\/api.w.org\/{rel}","templated":true}]}}