{"id":355,"date":"2022-12-06T16:20:47","date_gmt":"2022-12-06T16:20:47","guid":{"rendered":"https:\/\/www.digital-identity.ro\/?page_id=355"},"modified":"2023-02-28T13:53:34","modified_gmt":"2023-02-28T13:53:34","slug":"servicii","status":"publish","type":"page","link":"https:\/\/digital-identity.ro\/ro\/servicii\/","title":{"rendered":"Servicii profesionale."},"content":{"rendered":"\n<div class=\"section-wrapper\" data-id=\"lKwDSH\"><section class=\"wp-block-gutenverse-section guten-element guten-section guten-lKwDSH layout-boxed align-stretch\"><div class=\"guten-background-overlay\"><\/div><div class=\"guten-shape-divider guten-shape-divider-top\"><\/div><div class=\"guten-shape-divider guten-shape-divider-bottom\"><\/div><div class=\"guten-container guten-column-gap-default\">\n<div class=\"wp-block-gutenverse-column guten-element guten-column guten-t5rWh8\"><div class=\"guten-background-overlay\"><\/div><div class=\"sticky-wrapper\" data-id=\"t5rWh8\"><div class=\"guten-column-wrapper\">\n<div class=\"section-wrapper\" data-id=\"Bgvx4a\"><section class=\"wp-block-gutenverse-section guten-element guten-section guten-Bgvx4a layout-boxed align-stretch\"><div class=\"guten-background-overlay\"><\/div><div class=\"guten-shape-divider guten-shape-divider-top\"><\/div><div class=\"guten-shape-divider guten-shape-divider-bottom\"><\/div><div class=\"guten-container guten-column-gap-no\">\n<div class=\"wp-block-gutenverse-column guten-element guten-column guten-XEuYwL\"><div class=\"guten-background-overlay\"><\/div><div class=\"sticky-wrapper\" data-id=\"XEuYwL\"><div class=\"guten-column-wrapper\">\n<div class=\"guten-element guten-advanced-heading guten-KHSfxT animated guten-element-hide desktop-fadeInLeft\"><div class=\"heading-section \"><div class=\"heading-line before\"><\/div><h2 class=\"heading-title\">Servicii<span class=\"heading-focus\"><\/span><\/h2><\/div><span class=\"heading-subtitle\">Serviciile pe care \u021bi le punem la dispozitie<\/span><\/div>\n<\/div><\/div><\/div>\n<\/div><\/section><\/div>\n\n\n\n<div class=\"section-wrapper\" data-id=\"CaWO7Y\"><section class=\"wp-block-gutenverse-section guten-element guten-section guten-CaWO7Y layout-boxed align-stretch\"><div class=\"guten-background-overlay\"><\/div><div class=\"guten-shape-divider guten-shape-divider-top\"><\/div><div class=\"guten-shape-divider guten-shape-divider-bottom\"><\/div><div class=\"guten-container guten-column-gap-no\">\n<div class=\"wp-block-gutenverse-column guten-element guten-column guten-2CRPf2\"><div class=\"guten-background-overlay\"><\/div><div class=\"sticky-wrapper\" data-id=\"2CRPf2\"><div class=\"guten-column-wrapper\">\n<div class=\"guten-element guten-KpSsnF guten-icon-box icon-position-undefined\"><div class=\"guten-icon-box-wrapper hover-from-left\"><div class=\"icon-box icon-box-header\"><div class=\"icon style-color\"><i class=\"gtn gtn-chart2-light\"><\/i><\/div><\/div><div class=\"icon-box icon-box-body\"><h3 class=\"title\">SEO<\/h3><p class=\"icon-box-description\">Folosim tehnici de optimizare SEO de ultima genera\u021bie pentru a te ajut\u0103 s\u0103 \u00ee\u021bi imbunatate\u0219ti pozi\u021bia \u00een motoarele de c\u0103utare. Ne asigur\u0103m c\u0103 site-ul este optimizat pentru motoarele de c\u0103utare \u0219i te ajut\u0103 s\u0103 ob\u021bii mai mult trafic \u0219i conversii. <\/p><\/div><\/div><\/div>\n<\/div><\/div><\/div>\n\n\n\n<div class=\"wp-block-gutenverse-column guten-element guten-column guten-Cu1S5f\"><div class=\"guten-background-overlay\"><\/div><div class=\"sticky-wrapper\" data-id=\"Cu1S5f\"><div class=\"guten-column-wrapper\">\n<div class=\"guten-element guten-0m3Pig guten-icon-box icon-position-undefined\"><div class=\"guten-icon-box-wrapper hover-from-left\"><div class=\"icon-box icon-box-header\"><div class=\"icon style-color\"><i class=\"gtn gtn-design-light\"><\/i><\/div><\/div><div class=\"icon-box icon-box-body\"><h3 class=\"title\">Servicii web design<\/h3><p class=\"icon-box-description\">Folosim cele mai noi tehnologii \u0219i tendin\u021be de design web pentru a crea site-uri web profesionale, moderne \u0219i u\u0219or de folosit. Ne concentr\u0103m pe a crea site-uri web care s\u0103 se potriveasc\u0103 nevoilor \u0219i obiectivelor tale de afaceri. <\/p><\/div><\/div><\/div>\n<\/div><\/div><\/div>\n\n\n\n<div class=\"wp-block-gutenverse-column guten-element guten-column guten-xYw2KT\"><div class=\"guten-background-overlay\"><\/div><div class=\"sticky-wrapper\" data-id=\"xYw2KT\"><div class=\"guten-column-wrapper\">\n<div class=\"guten-element guten-zsZK50 guten-icon-box icon-position-undefined\"><div class=\"guten-icon-box-wrapper hover-from-left\"><div class=\"icon-box icon-box-header\"><div class=\"icon style-color\"><i class=\"gtn gtn-Profile-light\"><\/i><\/div><\/div><div class=\"icon-box icon-box-body\"><h3 class=\"title\">\u00centre\u021binere<\/h3><p class=\"icon-box-description\">Ne asigur\u0103m c\u0103 site-ul t\u0103u web func\u021bioneaz\u0103 \u00een mod corespunz\u0103tor \u0219i este \u00eentotdeauna la zi cu cele mai noi tehnologii \u0219i tendin\u021be. Ne asigur\u0103m c\u0103 site-ul t\u0103u este \u00eentotdeauna sigur \u0219i actualizat cu cele mai noi versiuni de software.<\/p><\/div><\/div><\/div>\n<\/div><\/div><\/div>\n<\/div><\/section><\/div>\n\n\n\n<div class=\"guten-element guten-spacer guten-JlvyXk\"><\/div>\n\n\n\n<div class=\"section-wrapper\" data-id=\"UaTwiR\"><section class=\"wp-block-gutenverse-section guten-element guten-section guten-UaTwiR layout-boxed align-stretch\"><div class=\"guten-background-overlay\"><\/div><div class=\"guten-shape-divider guten-shape-divider-top\"><\/div><div class=\"guten-shape-divider guten-shape-divider-bottom\"><\/div><div class=\"guten-container guten-column-gap-no\">\n<div class=\"wp-block-gutenverse-column guten-element guten-column guten-WzqddW\"><div class=\"guten-background-overlay\"><\/div><div class=\"sticky-wrapper\" data-id=\"WzqddW\"><div class=\"guten-column-wrapper\">\n<figure class=\"wp-block-pullquote has-text-align-center has-zeever-secondary-color has-text-color\"><blockquote><p>\u201eCalitatea nu este niciodat\u0103 un accident, este \u00eentotdeauna rezultatul unui efort de inteligen\u0163\u0103.\u201d<\/p><cite>John Ruskin<\/cite><\/blockquote><\/figure>\n<\/div><\/div><\/div>\n<\/div><\/section><\/div>\n\n\n\n<div class=\"section-wrapper\" data-id=\"eDxgQx\"><section class=\"wp-block-gutenverse-section guten-element guten-section guten-eDxgQx layout-boxed align-stretch\"><div class=\"guten-background-overlay\"><\/div><div class=\"guten-shape-divider guten-shape-divider-top\"><\/div><div class=\"guten-shape-divider guten-shape-divider-bottom\"><\/div><div class=\"guten-container guten-column-gap-no\">\n<div class=\"wp-block-gutenverse-column guten-element guten-column guten-MWYLHi\"><div class=\"guten-background-overlay\"><\/div><div class=\"sticky-wrapper\" data-id=\"MWYLHi\"><div class=\"guten-column-wrapper\">\n<div class=\"guten-element guten-l1bzSs guten-icon-box icon-position-undefined\"><div class=\"guten-icon-box-wrapper hover-from-left\"><div class=\"icon-box icon-box-header\"><div class=\"icon style-color\"><i class=\"gtn gtn-coins-1-light\"><\/i><\/div><\/div><div class=\"icon-box icon-box-body\"><h3 class=\"title\">Marketing Strategy<\/h3><p class=\"icon-box-description\">Folosim cele mai noi tehnologii \u0219i tendin\u021be de marketing pentru a te ajuta s\u0103 \u00ee\u021bi atingi obiectivele. Ne asigur\u0103m c\u0103 obiectivele tale de afaceri sunt \u00eentotdeauna \u00een centrul strategiei noastre de marketing.<\/p><\/div><\/div><\/div>\n<\/div><\/div><\/div>\n\n\n\n<div class=\"wp-block-gutenverse-column guten-element guten-column guten-agbdfg\"><div class=\"guten-background-overlay\"><\/div><div class=\"sticky-wrapper\" data-id=\"agbdfg\"><div class=\"guten-column-wrapper\">\n<div class=\"guten-element guten-eBv7Ra guten-icon-box icon-position-undefined\"><div class=\"guten-icon-box-wrapper hover-from-left\"><div class=\"icon-box icon-box-header\"><div class=\"icon style-color\"><i class=\"gtn gtn-code-solid\"><\/i><\/div><\/div><div class=\"icon-box icon-box-body\"><h3 class=\"title\">Web Development<\/h3><p class=\"icon-box-description\">Dezvolt\u0103m site-uri web personalizate, care sunt u\u0219or de \u00eentre\u021binut \u0219i se potrivesc perfect cu nevoile \u0219i obiectivele tale de afaceri. Ne asigur\u0103m c\u0103 site-ul t\u0103u web este u\u0219or de navigat \u0219i intuitiv pentru vizitatorii t\u0103i.<\/p><\/div><\/div><\/div>\n<\/div><\/div><\/div>\n\n\n\n<div class=\"wp-block-gutenverse-column guten-element guten-column guten-SUKomn\"><div class=\"guten-background-overlay\"><\/div><div class=\"sticky-wrapper\" data-id=\"SUKomn\"><div class=\"guten-column-wrapper\">\n<div class=\"guten-element guten-FQasIv guten-icon-box icon-position-undefined\"><div class=\"guten-icon-box-wrapper hover-from-left\"><div class=\"icon-box icon-box-header\"><div class=\"icon style-color\"><i class=\"gtn gtn-social-share-light\"><\/i><\/div><\/div><div class=\"icon-box icon-box-body\"><h3 class=\"title\">Content Writing<\/h3><p class=\"icon-box-description\">Asigur\u0103m con\u021binut optimizat pentru motoarele de c\u0103utare \u0219i te ajut\u0103m s\u0103 ob\u021bii mai mult trafic \u0219i mai multe conver\u0219ii. Scriem con\u021binut de calitate pentru site-ul t\u0103u web, care s\u0103 se potriveasc\u0103 perfect cu obiectivele tale de afaceri.<\/p><\/div><\/div><\/div>\n<\/div><\/div><\/div>\n<\/div><\/section><\/div>\n<\/div><\/div><\/div>\n<\/div><\/section><\/div>\n\n\n\n<div class=\"section-wrapper\" data-id=\"Dprc0W\"><section class=\"wp-block-gutenverse-section guten-element guten-section guten-Dprc0W layout-boxed align-stretch\"><div class=\"guten-background-overlay\"><\/div><div class=\"guten-shape-divider guten-shape-divider-top\"><\/div><div class=\"guten-shape-divider guten-shape-divider-bottom\"><\/div><div class=\"guten-container guten-column-gap-default\">\n<div class=\"wp-block-gutenverse-column guten-element guten-column guten-j6ojyR\"><div class=\"guten-background-overlay\"><\/div><div class=\"sticky-wrapper\" data-id=\"j6ojyR\"><div class=\"guten-column-wrapper\">\n<div class=\"section-wrapper\" data-id=\"sK0EZN\"><section class=\"wp-block-gutenverse-section guten-element guten-section guten-sK0EZN layout-boxed align-stretch\"><div class=\"guten-background-overlay\"><\/div><div class=\"guten-shape-divider guten-shape-divider-top\"><\/div><div class=\"guten-shape-divider guten-shape-divider-bottom\"><\/div><div class=\"guten-container guten-column-gap-no\">\n<div class=\"wp-block-gutenverse-column guten-element guten-column guten-dBWwNb\"><div class=\"guten-background-overlay\"><\/div><div class=\"sticky-wrapper\" data-id=\"dBWwNb\"><div class=\"guten-column-wrapper\"><\/div><\/div><\/div>\n\n\n\n<div class=\"wp-block-gutenverse-column guten-element guten-column guten-UyU4sb\"><div class=\"guten-background-overlay\"><\/div><div class=\"sticky-wrapper\" data-id=\"UyU4sb\"><div class=\"guten-column-wrapper\">\n<div class=\"guten-element guten-advanced-heading guten-rDwWpK animated guten-element-hide desktop-fadeInRight\"><div class=\"heading-section \"><div class=\"heading-line before\"><\/div><h2 class=\"heading-title\">FAQ.<span class=\"heading-focus\"><\/span><\/h2><\/div><span class=\"heading-subtitle\">\u00ceNTREB\u0102RI POPULARE DE LA CLIEN\u021aI<\/span><\/div>\n\n\n\n<div class=\"guten-element gutenverse-text-editor guten-pUn1hd\"><div class=\"text-content-inner\">\n<p>\u00cen calitate de agen\u021bie digital\u0103 care ofer\u0103 servicii de web design, web development, optimizare SEO, mentenan\u021b\u0103 web, content writing \u0219i strategie de marketing, \u00een\u021belegem c\u0103 ave\u021bi \u00eentreb\u0103ri \u0219i nel\u0103muriri despre serviciile noastre. Pentru a v\u0103 ajuta s\u0103 lua\u021bi decizia corect\u0103, am preg\u0103tit o list\u0103 cu \u00eentreb\u0103rile frecvente pe care le primim de la clien\u021bii no\u0219tri.<\/p>\n<\/div><\/div>\n\n\n\n<div class=\"guten-element guten-accordions guten-MRbC1u\">\n<div class=\"accordion-item\"><div class=\"accordion-heading\"><span class=\"accordion-text\">Aveti experienta in domeniul web design si web development?<\/span><div class=\"accordion-icon\"><span class=\"accordion-icon-open\"><i class=\"fas fa-chevron-up\"><\/i><\/span><span class=\"accordion-icon-closed\"><i class=\"fas fa-chevron-down\"><\/i><\/span><\/div><\/div><div class=\"accordion-body\"><div class=\"accordion-content\">\n<p><meta charset=\"utf-8\"><strong><strong>R\u0103spuns:<\/strong>&nbsp;<\/strong>Da, avem o experienta de peste 10 ani in domeniul web design si web development.<\/p>\n<\/div><\/div><\/div>\n\n\n\n<div class=\"accordion-item\"><div class=\"accordion-heading\"><span class=\"accordion-text\">Ce servicii oferi\u021bi?<\/span><div class=\"accordion-icon\"><span class=\"accordion-icon-open\"><i class=\"fas fa-chevron-up\"><\/i><\/span><span class=\"accordion-icon-closed\"><i class=\"fas fa-chevron-down\"><\/i><\/span><\/div><\/div><div class=\"accordion-body\"><div class=\"accordion-content\">\n<p><strong>R\u0103spuns:<\/strong> Oferta noastr\u0103 include servicii de web design, web development, optimizare SEO, mentenan\u021b\u0103 web, content writing \u0219i strategie de marketing.<\/p>\n<\/div><\/div><\/div>\n\n\n\n<div class=\"accordion-item\"><div class=\"accordion-heading\"><span class=\"accordion-text\">Care sunt componentele unei strategii de marketing digital?<\/span><div class=\"accordion-icon\"><span class=\"accordion-icon-open\"><i class=\"fas fa-chevron-up\"><\/i><\/span><span class=\"accordion-icon-closed\"><i class=\"fas fa-chevron-down\"><\/i><\/span><\/div><\/div><div class=\"accordion-body\"><div class=\"accordion-content\">\n<p><meta charset=\"utf-8\"><strong><strong>R\u0103spuns:<\/strong>&nbsp;<\/strong>Componentele unei strategii de marketing digital includ definirea obiectivelor, identificarea audientei tinta, crearea de continut relevant, promovarea continutului si monitorizarea rezultatelor.<\/p>\n<\/div><\/div><\/div>\n\n\n\n<div class=\"accordion-item\"><div class=\"accordion-heading\"><span class=\"accordion-text\">Care sunt activitatile de mentenanta web?<\/span><div class=\"accordion-icon\"><span class=\"accordion-icon-open\"><i class=\"fas fa-chevron-up\"><\/i><\/span><span class=\"accordion-icon-closed\"><i class=\"fas fa-chevron-down\"><\/i><\/span><\/div><\/div><div class=\"accordion-body\"><div class=\"accordion-content\">\n<p><meta charset=\"utf-8\"><strong><strong>R\u0103spuns:<\/strong>&nbsp;<\/strong>Activitatile de mentenanta web includ actualizarea continutului, verificarea functionalitatii website-ului, monitorizarea performantei website-ului si rezolvarea eventualelor erori.<\/p>\n<\/div><\/div><\/div>\n\n\n\n<div class=\"accordion-item\"><div class=\"accordion-heading\"><span class=\"accordion-text\">Pentru ce categorii de afaceri se potrivesc serviciile voastre?<\/span><div class=\"accordion-icon\"><span class=\"accordion-icon-open\"><i class=\"fas fa-chevron-up\"><\/i><\/span><span class=\"accordion-icon-closed\"><i class=\"fas fa-chevron-down\"><\/i><\/span><\/div><\/div><div class=\"accordion-body\"><div class=\"accordion-content\">\n<p><meta charset=\"utf-8\"><strong><strong>R\u0103spuns:<\/strong>&nbsp;<\/strong>Serviciile noastre pot fi potrivite pentru orice categorie de business care are nevoie de servicii de web design complete, dore\u0219te web development personalizat, dore\u0219te optimiz\u0103ri SEO, mentenan\u021b\u0103 web, content writing sau strategie de marketing digital. Aceste servicii sunt esen\u021biale pentru orice business care dore\u0219te s\u0103-\u0219i creasc\u0103 vizibilitatea \u0219i s\u0103 atrag\u0103 mai mul\u021bi clien\u021bi. P\u00e2n\u0103 acum am lucrat la proiecte de genul: site de prezentare restaurant \u0219i bar, website magazin online v\u00e2nzare produse, site web pentru companie de turism \u0219i transport, site de v\u00e2nzare a produselor alimentare \u0219i b\u0103uturilor, site web pentru comercializarea serviciilor de \u00eengrijire personal\u0103 \u0219i cosmetic\u0103, ecommerce de \u00eembr\u0103c\u0103minte \u0219i \u00eenc\u0103l\u021b\u0103minte, magazin online pentru produc\u0103tori care comercializeaz\u0103 produse de cas\u0103 \u0219i gradin\u0103, electronice \u0219i electrocasnice, art\u0103 \u0219i design \u0219i juc\u0103rii \u0219i jocuri. Agen\u021bia monastr\u0103 digital\u0103 poate ajut\u0103 la crearea unei prezente online puternice \u0219i la optimizarea site-ului pentru a ob\u021bine rezultate mai bune. De asemenea, poate oferi strategii de marketing digital pentru a ajut\u0103 la cre\u0219terea v\u00e2nz\u0103rilor \u0219i a cifrei de afaceri.<\/p>\n<\/div><\/div><\/div>\n\n\n\n<div class=\"accordion-item\"><div class=\"accordion-heading\"><span class=\"accordion-text\">Care sunt termenii de livrare?<\/span><div class=\"accordion-icon\"><span class=\"accordion-icon-open\"><i class=\"fas fa-chevron-up\"><\/i><\/span><span class=\"accordion-icon-closed\"><i class=\"fas fa-chevron-down\"><\/i><\/span><\/div><\/div><div class=\"accordion-body\"><div class=\"accordion-content\">\n<p><meta charset=\"utf-8\"><strong>R\u0103spuns: <\/strong>Termenii no\u0219tri de livrare sunt, de asemenea, variabili, \u00een func\u021bie de proiectul pe care \u00eel ave\u021bi. V\u0103 rug\u0103m s\u0103 ne contacta\u021bi pentru a discuta detaliile \u0219i a ob\u021bine un termen de livrare exact.<\/p>\n<\/div><\/div><\/div>\n\n\n\n<div class=\"accordion-item\"><div class=\"accordion-heading\"><span class=\"accordion-text\">Care sunt cerintele pentru a beneficia de serviciile oferite de agen\u021bia voastra?<\/span><div class=\"accordion-icon\"><span class=\"accordion-icon-open\"><i class=\"fas fa-chevron-up\"><\/i><\/span><span class=\"accordion-icon-closed\"><i class=\"fas fa-chevron-down\"><\/i><\/span><\/div><\/div><div class=\"accordion-body\"><div class=\"accordion-content\">\n<p><meta charset=\"utf-8\"><strong><strong>R\u0103spuns:<\/strong>&nbsp;<\/strong>Cerintele pentru a beneficia de serviciile oferite de agentia noastra sunt furnizarea de informatii relevante despre proiectul \u00een cauz\u0103 \u0219i achitarea taxelor aferente.<\/p>\n<\/div><\/div><\/div>\n\n\n\n<div class=\"accordion-item\"><div class=\"accordion-heading\"><span class=\"accordion-text\"><meta charset=\"utf-8\">Care sunt tarifele voastre?<\/span><div class=\"accordion-icon\"><span class=\"accordion-icon-open\"><i class=\"fas fa-chevron-up\"><\/i><\/span><span class=\"accordion-icon-closed\"><i class=\"fas fa-chevron-down\"><\/i><\/span><\/div><\/div><div class=\"accordion-body\"><div class=\"accordion-content\">\n<p><meta charset=\"utf-8\">R\u0103spuns:<strong> <\/strong>Tarifele noastre sunt variabile, \u00een func\u021bie de proiectul pe care \u00eel ave\u021bi. V\u0103 rug\u0103m s\u0103 ne contacta\u021bi pentru a discuta detaliile \u0219i a ob\u021bine o estimare exact\u0103.<\/p>\n<\/div><\/div><\/div>\n\n\n\n<div class=\"accordion-item\"><div class=\"accordion-heading\"><span class=\"accordion-text\">Care sunt beneficiile serviciilor oferite de agen\u021bia voastr\u0103?<\/span><div class=\"accordion-icon\"><span class=\"accordion-icon-open\"><i class=\"fas fa-chevron-up\"><\/i><\/span><span class=\"accordion-icon-closed\"><i class=\"fas fa-chevron-down\"><\/i><\/span><\/div><\/div><div class=\"accordion-body\"><div class=\"accordion-content\">\n<p><meta charset=\"utf-8\"><strong><strong>R\u0103spuns:<\/strong>&nbsp;<\/strong>Beneficiile serviciilor oferite de agen\u021bia noastr\u0103 includ cre\u0219terea vizibilit\u0103\u021bii online, crearea de con\u021binut relevant \u0219i optimizat, cre\u0219terea traficului pe website \u0219i cre\u0219terea v\u00e2nz\u0103rilor.<\/p>\n<\/div><\/div><\/div>\n\n\n\n<div class=\"accordion-item\"><div class=\"accordion-heading\"><span class=\"accordion-text\">Ave\u021bi garan\u021bii pentru serviciile oferite?<\/span><div class=\"accordion-icon\"><span class=\"accordion-icon-open\"><i class=\"fas fa-chevron-up\"><\/i><\/span><span class=\"accordion-icon-closed\"><i class=\"fas fa-chevron-down\"><\/i><\/span><\/div><\/div><div class=\"accordion-body\"><div class=\"accordion-content\">\n<p><meta charset=\"utf-8\"><strong>R\u0103spuns:<\/strong> Da, oferim garan\u021bii pentru serviciile noastre. Garantam calitatea serviciilor oferite si suntem dispusi sa oferim suport tehnic si asistenta in cazul in care sunt necesare. V\u0103 rug\u0103m s\u0103 ne contacta\u021bi pentru a discuta detaliile.<\/p>\n<\/div><\/div><\/div>\n\n\n\n<div class=\"accordion-item\"><div class=\"accordion-heading\"><span class=\"accordion-text\">Ce tehnologii folositi pentru serviciile oferite?<\/span><div class=\"accordion-icon\"><span class=\"accordion-icon-open\"><i class=\"fas fa-chevron-up\"><\/i><\/span><span class=\"accordion-icon-closed\"><i class=\"fas fa-chevron-down\"><\/i><\/span><\/div><\/div><div class=\"accordion-body\"><div class=\"accordion-content\">\n<p><meta charset=\"utf-8\"><strong><strong>R\u0103spuns:<\/strong>&nbsp;<\/strong>Folosim tehnologii de ultima generatie, precum HTML5, CSS3, JavaScript, PHP si MySQL, pentru a oferi cele mai bune servicii.<\/p>\n<\/div><\/div><\/div>\n\n\n\n<div class=\"accordion-item\"><div class=\"accordion-heading\"><span class=\"accordion-text\">Care sunt etapele unui proiect de web design si web development?<\/span><div class=\"accordion-icon\"><span class=\"accordion-icon-open\"><i class=\"fas fa-chevron-up\"><\/i><\/span><span class=\"accordion-icon-closed\"><i class=\"fas fa-chevron-down\"><\/i><\/span><\/div><\/div><div class=\"accordion-body\"><div class=\"accordion-content\">\n<p><meta charset=\"utf-8\"><strong><strong>R\u0103spuns:<\/strong>&nbsp;<\/strong>Etapele unui proiect de web design si web development includ definirea obiectivelor, crearea designului, dezvoltarea website-ului, testarea si lansarea website-ului.<\/p>\n<\/div><\/div><\/div>\n\n\n\n<div class=\"accordion-item active\"><div class=\"accordion-heading\"><span class=\"accordion-text\">Care sunt beneficiile content writing-ului?<\/span><div class=\"accordion-icon\"><span class=\"accordion-icon-open\"><i class=\"fas fa-chevron-up\"><\/i><\/span><span class=\"accordion-icon-closed\"><i class=\"fas fa-chevron-down\"><\/i><\/span><\/div><\/div><div class=\"accordion-body\"><div class=\"accordion-content\">\n<p><meta charset=\"utf-8\"><strong><strong>R\u0103spuns:<\/strong>&nbsp;<\/strong>Beneficiile content writing-ului includ cresterea vizibilitatii online, cresterea traficului pe website, cresterea numarului de abonati si cresterea vanzarilor.<\/p>\n<\/div><\/div><\/div>\n<\/div>\n<\/div><\/div><\/div>\n\n\n\n<div class=\"wp-block-gutenverse-column guten-element guten-column guten-BeE6yX\"><div class=\"guten-background-overlay\"><\/div><div class=\"sticky-wrapper\" data-id=\"BeE6yX\"><div class=\"guten-column-wrapper\"><\/div><\/div><\/div>\n<\/div><\/section><\/div>\n\n\n\n<div class=\"guten-element guten-spacer guten-b0ZqWk\"><\/div>\n\n\n\n<div class=\"section-wrapper\" data-id=\"IObW42\"><section class=\"wp-block-gutenverse-section guten-element guten-section guten-IObW42 layout-boxed align-stretch\"><div class=\"guten-background-overlay\"><\/div><div class=\"guten-shape-divider guten-shape-divider-top\"><\/div><div class=\"guten-shape-divider guten-shape-divider-bottom\"><\/div><div class=\"guten-container guten-column-gap-default\">\n<div class=\"wp-block-gutenverse-column guten-element guten-column guten-E0WUuF\"><div class=\"guten-background-overlay\"><\/div><div class=\"sticky-wrapper\" data-id=\"E0WUuF\"><div class=\"guten-column-wrapper\"><\/div><\/div><\/div>\n\n\n\n<div class=\"wp-block-gutenverse-column guten-element guten-column guten-FrlV2N\"><div class=\"guten-background-overlay\"><\/div><div class=\"sticky-wrapper\" data-id=\"FrlV2N\"><div class=\"guten-column-wrapper\">\n<p class=\"has-text-align-center has-normal-font-size\">Dac\u0103 e\u0219ti interesat s\u0103 afli mai multe despre serviciile noastre, nu ezita s\u0103 ne contactezi. Suntem aici pentru a te ajuta s\u0103 \u00ee\u021bi atingi obiectivele de afaceri.<\/p>\n<\/div><\/div><\/div>\n\n\n\n<div class=\"wp-block-gutenverse-column guten-element guten-column guten-Kjt7xX\"><div class=\"guten-background-overlay\"><\/div><div class=\"sticky-wrapper\" data-id=\"Kjt7xX\"><div class=\"guten-column-wrapper\"><\/div><\/div><\/div>\n<\/div><\/section><\/div>\n<\/div><\/div><\/div>\n<\/div><\/section><\/div>\n","protected":false},"excerpt":{"rendered":"","protected":false},"author":1,"featured_media":0,"parent":0,"menu_order":0,"comment_status":"closed","ping_status":"closed","template":"","meta":{"footnotes":""},"class_list":["post-355","page","type-page","status-publish","hentry"],"_links":{"self":[{"href":"https:\/\/digital-identity.ro\/ro\/wp-json\/wp\/v2\/pages\/355","targetHints":{"allow":["GET"]}}],"collection":[{"href":"https:\/\/digital-identity.ro\/ro\/wp-json\/wp\/v2\/pages"}],"about":[{"href":"https:\/\/digital-identity.ro\/ro\/wp-json\/wp\/v2\/types\/page"}],"author":[{"embeddable":true,"href":"https:\/\/digital-identity.ro\/ro\/wp-json\/wp\/v2\/users\/1"}],"replies":[{"embeddable":true,"href":"https:\/\/digital-identity.ro\/ro\/wp-json\/wp\/v2\/comments?post=355"}],"version-history":[{"count":12,"href":"https:\/\/digital-identity.ro\/ro\/wp-json\/wp\/v2\/pages\/355\/revisions"}],"predecessor-version":[{"id":2092,"href":"https:\/\/digital-identity.ro\/ro\/wp-json\/wp\/v2\/pages\/355\/revisions\/2092"}],"wp:attachment":[{"href":"https:\/\/digital-identity.ro\/ro\/wp-json\/wp\/v2\/media?parent=355"}],"curies":[{"name":"wp","href":"https:\/\/api.w.org\/{rel}","templated":true}]}}