{"id":307,"date":"2020-01-13T10:41:00","date_gmt":"2020-01-13T10:41:00","guid":{"rendered":"https:\/\/demosites.io\/web-agency-gb\/?page_id=2"},"modified":"2023-02-03T12:39:35","modified_gmt":"2023-02-03T12:39:35","slug":"blogul-nostru","status":"publish","type":"page","link":"https:\/\/digital-identity.ro\/ro\/blogul-nostru\/","title":{"rendered":"Blogul nostru"},"content":{"rendered":"\n<div class=\"section-wrapper\" data-id=\"bTL4rx\"><section class=\"wp-block-gutenverse-section guten-element guten-section guten-bTL4rx layout-boxed align-stretch\"><div class=\"guten-background-overlay\"><\/div><div class=\"guten-shape-divider guten-shape-divider-top\"><\/div><div class=\"guten-shape-divider guten-shape-divider-bottom\"><\/div><div class=\"guten-container guten-column-gap-default\">\n<div class=\"wp-block-gutenverse-column guten-element guten-column guten-imvGDJ\"><div class=\"guten-background-overlay\"><\/div><div class=\"sticky-wrapper\" data-id=\"imvGDJ\"><div class=\"guten-column-wrapper\">\n<h2 class=\"has-text-align-center is-style-lineseparator wp-block-heading\" style=\"padding-top:var(--wp--preset--spacing--30);padding-right:var(--wp--preset--spacing--30);padding-bottom:var(--wp--preset--spacing--30);padding-left:var(--wp--preset--spacing--30)\">Bine ai venit la blogul nostru despre servicii web!<\/h2>\n\n\n\n<p class=\"has-text-align-center has-large-font-size\">Ave\u021bi nevoie de servicii web pentru a face afacerile dvs. s\u0103 se dezvolte \u0219i s\u0103 devin\u0103 mai competitive? <span style=\"color: #00b3ff;\">Bine a\u021bi venit pe blogul nostru!<\/span> Avem o gam\u0103 larg\u0103 de servicii web care v\u0103 pot ajuta.<\/p>\n\n\n\n<p class=\"has-text-align-center has-normal-font-size\">V\u0103 oferim servicii de <span style=\"font-weight: bold;\">web design personalizate<\/span>, optimizare SEO, web development, mentenan\u021b\u0103, realizare site, strategie digital\u0103 \u0219i mentenan\u021b\u0103 web. Ne concentr\u0103m pe a furniza servicii personalizate, astfel \u00eenc\u00e2t s\u0103 ob\u021bine\u021bi rezultatele dorite.<\/p>\n\n\n\n<p class=\"has-text-align-center has-normal-font-size\">Putem crea un <span style=\"text-decoration: underline; font-style: italic;\"><a href=\"https:\/\/digital-identity.ro\/servicii\/creare-site-de-prezentare-performant-si-realizare-webdesign-profesional\/\">site web<\/a><\/span> pe care s\u0103-l gestiona\u021bi, s\u0103-l optimiza\u021bi \u0219i s\u0103-l \u00eembun\u0103t\u0103\u021bi\u021bi constant pentru a v\u0103 ajuta s\u0103 v\u0103 dezvolta\u021bi afacerile. De asemenea \u00een cadrul blogului nostru, v\u0103 oferim informatii despre <span style=\"color: #f16521; font-weight: bold;\">strategii digitale personalizate<\/span> pentru a v\u0103 ajuta s\u0103 v\u0103 promova\u021bi \u0219i s\u0103 v\u0103 p\u0103stra\u021bi prezen\u021ba online.<\/p>\n\n\n\n<p class=\"has-text-align-center has-normal-font-size\">V\u0103 oferim asisten\u021b\u0103 profesional\u0103 \u0219i <a href=\"https:\/\/digital-identity.ro\/servicii\/mentenanta-website-si-administrare-pagini-web-cu-gazduire\/\">mentenan\u021b\u0103 web<\/a> pentru a v\u0103 ajuta s\u0103 ob\u021bine\u021bi rezultatele dorite. Ne adapt\u0103m mereu la cerin\u021bele dvs. \u0219i v\u0103 oferim solu\u021bii complete \u0219i <span style=\"font-weight: bold; font-style: italic;\">personalizate de dezvoltare web.<\/span><\/p>\n\n\n\n<p class=\"has-text-align-center has-large-font-size\">V\u0103 invit\u0103m s\u0103 parcurge\u021bi acest blog \u0219i s\u0103 ne contacta\u021bi dac\u0103 ave\u021bi \u00eentreb\u0103ri sau dori\u021bi s\u0103 discuta\u021bi despre proiectul dvs. web. Suntem aici s\u0103 v\u0103 ajut\u0103m s\u0103 ob\u021bine\u021bi <span style=\"color: #00a651;\">succesul pe care-l dori\u021bi!<\/span><\/p>\n<\/div><\/div><\/div>\n<\/div><\/section><\/div>\n\n\n<div  class=\"gutenverse guten-postblock postblock-type-1 guten-pagination-scrollload break-point-tablet post-element guten-WlrVGe\"  data-id=\"guten-WlrVGe\" data-settings=\"{&quot;elementId&quot;:&quot;guten-WlrVGe&quot;,&quot;numberPost&quot;:&quot;5&quot;,&quot;sortBy&quot;:&quot;latest&quot;,&quot;readmoreText&quot;:&quot;Afl\\u0103 mai mult&quot;,&quot;metaEnabled&quot;:false,&quot;metaAuthorEnabled&quot;:false,&quot;paginationMode&quot;:&quot;scrollload&quot;,&quot;paginationNumberPost&quot;:&quot;5&quot;,&quot;postItemMargin&quot;:{&quot;Desktop&quot;:[]},&quot;postItemPadding&quot;:{&quot;Desktop&quot;:[]},&quot;postItemBorder&quot;:{&quot;radius&quot;:{&quot;Desktop&quot;:[]}},&quot;inheritQuery&quot;:true,&quot;postType&quot;:&quot;post&quot;,&quot;postOffset&quot;:0,&quot;column&quot;:[],&quot;excludeCurrentPost&quot;:false,&quot;includePost&quot;:[],&quot;excludePost&quot;:[],&quot;includeCategory&quot;:[],&quot;excludeCategory&quot;:[],&quot;includeAuthor&quot;:[],&quot;includeTag&quot;:[],&quot;excludeTag&quot;:[],&quot;htmlTag&quot;:&quot;h3&quot;,&quot;categoryEnabled&quot;:true,&quot;categoryPosition&quot;:&quot;center&quot;,&quot;excerptEnabled&quot;:true,&quot;excerptLength&quot;:20,&quot;excerptMore&quot;:&quot;...&quot;,&quot;readmoreEnabled&quot;:true,&quot;readmoreIcon&quot;:&quot;fas fa-arrow-right&quot;,&quot;readmoreIconPosition&quot;:&quot;after&quot;,&quot;commentEnabled&quot;:false,&quot;commentIcon&quot;:&quot;fas fa-comment&quot;,&quot;commentIconPosition&quot;:&quot;before&quot;,&quot;metaAuthorByText&quot;:&quot;by&quot;,&quot;metaAuthorIcon&quot;:&quot;fas fa-user&quot;,&quot;metaAuthorIconPosition&quot;:&quot;before&quot;,&quot;metaDateEnabled&quot;:true,&quot;metaDateType&quot;:&quot;published&quot;,&quot;metaDateFormat&quot;:&quot;default&quot;,&quot;metaDateFormatCustom&quot;:&quot;&quot;,&quot;metaDateIcon&quot;:&quot;fas fa-clock&quot;,&quot;metaDateIconPosition&quot;:&quot;before&quot;,&quot;postblockType&quot;:&quot;type-1&quot;,&quot;breakpoint&quot;:&quot;tablet&quot;,&quot;noContentText&quot;:&quot;No Content&quot;,&quot;paginationLoadmoreText&quot;:&quot;Load More&quot;,&quot;paginationLoadingText&quot;:&quot;Loading...&quot;,&quot;paginationScrollLimit&quot;:0,&quot;paginationIcon&quot;:&quot;&quot;,&quot;paginationIconType&quot;:&quot;icon&quot;,&quot;paginationIconSVG&quot;:&quot;&quot;,&quot;paginationIconPosition&quot;:&quot;before&quot;,&quot;background&quot;:[],&quot;backgroundHover&quot;:[],&quot;animation&quot;:[],&quot;paginationPrevNextText&quot;:true,&quot;paginationPrevText&quot;:&quot;Prev&quot;,&quot;paginationNextText&quot;:&quot;Next&quot;,&quot;paginationPrevIcon&quot;:&quot;fas fa-chevron-left&quot;,&quot;paginationPrevIconType&quot;:&quot;icon&quot;,&quot;paginationNextIcon&quot;:&quot;fas fa-chevron-right&quot;,&quot;paginationNextIconType&quot;:&quot;icon&quot;,&quot;contentOrder&quot;:[{&quot;label&quot;:&quot;Title&quot;,&quot;value&quot;:&quot;title&quot;},{&quot;label&quot;:&quot;Meta&quot;,&quot;value&quot;:&quot;meta&quot;},{&quot;label&quot;:&quot;Excerpt&quot;,&quot;value&quot;:&quot;excerpt&quot;},{&quot;label&quot;:&quot;Read More&quot;,&quot;value&quot;:&quot;read&quot;}],&quot;paginationLoadmoreAnimation&quot;:&quot;&quot;,&quot;paginationLoadmoreAnimationSequence&quot;:&quot;&quot;,&quot;paged&quot;:1,&quot;class&quot;:null}\"><div class=\"guten-block-container\">\n            <div class=\"guten-posts guten-ajax-flag\">\n            <article class=\"guten-post post-1945 post type-post status-publish format-standard has-post-thumbnail hentry category-uncategorized-ro tag-campanii-facebook-ads tag-facebook-ads-2 tag-facebook-ads-manager tag-facebook-ads tag-publicitate tag-publicitate-pe-facebook tag-reclame-pe-facebook-ads tag-rezultate-facebook-ads tag-social-media tag-strategie-facebook-ads\">\n                    <div class=\"guten-thumb\"><a aria-label=\"Cum sa creezi anunturi Facebook Ads de succes: Strategii si tehnici de top\" href=\"javascript:void(0);\" data-href=\"https:\/\/digital-identity.ro\/ro\/1945\/cum-sa-creezi-anunturi-facebook-ads-de-succes-strategii-si-tehnici-de-top\/\"><div class=\"thumbnail-container \">\n            <img fetchpriority=\"high\" decoding=\"async\" loading=\"eager\"  width=\"516\" height=\"344\" src=\"https:\/\/digital-identity.ro\/wp-content\/uploads\/2023\/09\/F_ADS1.jpg\" class=\"attachment-full size-full wp-post-image\" alt=\"\" srcset=\"https:\/\/digital-identity.ro\/wp-content\/uploads\/2023\/09\/F_ADS1.jpg 516w, https:\/\/digital-identity.ro\/wp-content\/uploads\/2023\/09\/F_ADS1-300x200.jpg 300w\" sizes=\"(max-width: 516px) 100vw, 516px\" \/>\n\t\t\t<div class=\"guten-overlay\"><\/div>\n        <\/div><\/a><\/div>\n                    <div class=\"guten-postblock-content\"><div class=\"guten-post-category \"><span><a href=\"javascript:void(0);\" data-href=\"https:\/\/digital-identity.ro\/ro\/category\/uncategorized-ro\/\" aria-label=\"View all posts in Uncategorized @ro\" class=\"category-uncategorized-ro\">Uncategorized @ro<\/a><\/span><\/div><h3 class=\"guten-post-title\">\n\t\t\t\t\t\t\t<a aria-label=\"Cum sa creezi anunturi Facebook Ads de succes: Strategii si tehnici de top\" href=\"javascript:void(0);\" data-href=\"https:\/\/digital-identity.ro\/ro\/1945\/cum-sa-creezi-anunturi-facebook-ads-de-succes-strategii-si-tehnici-de-top\/\">Cum sa creezi anunturi Facebook Ads de succes: Strategii si tehnici de top<\/a>\n\t\t\t\t\t\t<\/h3><div class=\"guten-post-excerpt\"><p>Articolul principal: Atunci c\u00e2nd vorbim despre publicitatea pe Facebook, anun\u021burile Facebook Ads joac\u0103 un rol esen\u021bial \u00een ob\u021binerea unor rezultate&#8230;<\/p><\/div><div class=\"guten-post-meta-bottom\">\n\t\t\t\t\t\t\t<div class=\"guten-meta-readmore icon-position-after\">\n\t\t\t\t<a aria-label=\"Read more about Cum sa creezi anunturi Facebook Ads de succes: Strategii si tehnici de top\" href=\"javascript:void(0);\" data-href=\"https:\/\/digital-identity.ro\/ro\/1945\/cum-sa-creezi-anunturi-facebook-ads-de-succes-strategii-si-tehnici-de-top\/\" class=\"guten-readmore\">Afl\u0103 mai mult<i aria-hidden=\"true\" class=\"fas fa-arrow-right\"><\/i><span class=\"screen-reader-text\"> about Cum sa creezi anunturi Facebook Ads de succes: Strategii si tehnici de top<\/span><\/a>\n\t\t\t<\/div>\n\t\t\t\t\t\t<\/div><\/div>\n                <\/article><article class=\"guten-post post-1948 post type-post status-publish format-standard has-post-thumbnail hentry category-uncategorized-ro tag-creativeposts tag-instagram-advertising tag-instagram-post tag-instagram-posts tag-instagramposts tag-postari-captivante tag-postari-creative-instagram tag-strategii-pentru-instagram\">\n                    <div class=\"guten-thumb\"><a aria-label=\"Cum sa creezi postari Instagram care sa capteze atentia si sa iti aduca urmaritori\" href=\"javascript:void(0);\" data-href=\"https:\/\/digital-identity.ro\/ro\/1948\/cum-sa-creezi-postari-instagram-care-sa-capteze-atentia-si-sa-iti-aduca-urmaritori\/\"><div class=\"thumbnail-container \">\n            <img decoding=\"async\" loading=\"eager\"  width=\"720\" height=\"376\" src=\"https:\/\/digital-identity.ro\/wp-content\/uploads\/2023\/03\/POST.png\" class=\"attachment-full size-full wp-post-image\" alt=\"\" srcset=\"https:\/\/digital-identity.ro\/wp-content\/uploads\/2023\/03\/POST.png 720w, https:\/\/digital-identity.ro\/wp-content\/uploads\/2023\/03\/POST-300x157.png 300w\" sizes=\"(max-width: 720px) 100vw, 720px\" \/>\n\t\t\t<div class=\"guten-overlay\"><\/div>\n        <\/div><\/a><\/div>\n                    <div class=\"guten-postblock-content\"><div class=\"guten-post-category \"><span><a href=\"javascript:void(0);\" data-href=\"https:\/\/digital-identity.ro\/ro\/category\/uncategorized-ro\/\" aria-label=\"View all posts in Uncategorized @ro\" class=\"category-uncategorized-ro\">Uncategorized @ro<\/a><\/span><\/div><h3 class=\"guten-post-title\">\n\t\t\t\t\t\t\t<a aria-label=\"Cum sa creezi postari Instagram care sa capteze atentia si sa iti aduca urmaritori\" href=\"javascript:void(0);\" data-href=\"https:\/\/digital-identity.ro\/ro\/1948\/cum-sa-creezi-postari-instagram-care-sa-capteze-atentia-si-sa-iti-aduca-urmaritori\/\">Cum sa creezi postari Instagram care sa capteze atentia si sa iti aduca urmaritori<\/a>\n\t\t\t\t\t\t<\/h3><div class=\"guten-post-excerpt\"><p>Instagram este una dintre cele mai populare platforme sociale \u0219i mai mult dec\u00e2t at\u00e2t, poate fi un excelent canal de&#8230;<\/p><\/div><div class=\"guten-post-meta-bottom\">\n\t\t\t\t\t\t\t<div class=\"guten-meta-readmore icon-position-after\">\n\t\t\t\t<a aria-label=\"Read more about Cum sa creezi postari Instagram care sa capteze atentia si sa iti aduca urmaritori\" href=\"javascript:void(0);\" data-href=\"https:\/\/digital-identity.ro\/ro\/1948\/cum-sa-creezi-postari-instagram-care-sa-capteze-atentia-si-sa-iti-aduca-urmaritori\/\" class=\"guten-readmore\">Afl\u0103 mai mult<i aria-hidden=\"true\" class=\"fas fa-arrow-right\"><\/i><span class=\"screen-reader-text\"> about Cum sa creezi postari Instagram care sa capteze atentia si sa iti aduca urmaritori<\/span><\/a>\n\t\t\t<\/div>\n\t\t\t\t\t\t<\/div><\/div>\n                <\/article><article class=\"guten-post post-1946 post type-post status-publish format-standard has-post-thumbnail hentry category-uncategorized-ro tag-campanii-facebook tag-campanii-facebook-ads tag-cele-mai-bune-rezultate-facebook tag-facebook-ads-2 tag-facebook-ads-manager tag-facebook-ads tag-optimizare-social-media tag-publicitate tag-reclame-pe-facebook-ads\">\n                    <div class=\"guten-thumb\"><a aria-label=\"Cum sa obtineti Rezultate Optime prin Optimizarea Campaniilor de Facebook Ads\" href=\"javascript:void(0);\" data-href=\"https:\/\/digital-identity.ro\/ro\/1946\/cum-sa-obtineti-rezultate-optime-prin-optimizarea-campaniilor-de-facebook-ads\/\"><div class=\"thumbnail-container \">\n            <img decoding=\"async\" loading=\"eager\"  width=\"612\" height=\"397\" src=\"https:\/\/digital-identity.ro\/wp-content\/uploads\/2023\/10\/facebook_ads.jpg\" class=\"attachment-full size-full wp-post-image\" alt=\"\" srcset=\"https:\/\/digital-identity.ro\/wp-content\/uploads\/2023\/10\/facebook_ads.jpg 612w, https:\/\/digital-identity.ro\/wp-content\/uploads\/2023\/10\/facebook_ads-300x195.jpg 300w\" sizes=\"(max-width: 612px) 100vw, 612px\" \/>\n\t\t\t<div class=\"guten-overlay\"><\/div>\n        <\/div><\/a><\/div>\n                    <div class=\"guten-postblock-content\"><div class=\"guten-post-category \"><span><a href=\"javascript:void(0);\" data-href=\"https:\/\/digital-identity.ro\/ro\/category\/uncategorized-ro\/\" aria-label=\"View all posts in Uncategorized @ro\" class=\"category-uncategorized-ro\">Uncategorized @ro<\/a><\/span><\/div><h3 class=\"guten-post-title\">\n\t\t\t\t\t\t\t<a aria-label=\"Cum sa obtineti Rezultate Optime prin Optimizarea Campaniilor de Facebook Ads\" href=\"javascript:void(0);\" data-href=\"https:\/\/digital-identity.ro\/ro\/1946\/cum-sa-obtineti-rezultate-optime-prin-optimizarea-campaniilor-de-facebook-ads\/\">Cum sa obtineti Rezultate Optime prin Optimizarea Campaniilor de Facebook Ads<\/a>\n\t\t\t\t\t\t<\/h3><div class=\"guten-post-excerpt\"><p>Facebook Ads este una dintre cele mai eficiente metode de promovare pe care o avem la dispozi\u021bie ast\u0103zi. Cu o&#8230;<\/p><\/div><div class=\"guten-post-meta-bottom\">\n\t\t\t\t\t\t\t<div class=\"guten-meta-readmore icon-position-after\">\n\t\t\t\t<a aria-label=\"Read more about Cum sa obtineti Rezultate Optime prin Optimizarea Campaniilor de Facebook Ads\" href=\"javascript:void(0);\" data-href=\"https:\/\/digital-identity.ro\/ro\/1946\/cum-sa-obtineti-rezultate-optime-prin-optimizarea-campaniilor-de-facebook-ads\/\" class=\"guten-readmore\">Afl\u0103 mai mult<i aria-hidden=\"true\" class=\"fas fa-arrow-right\"><\/i><span class=\"screen-reader-text\"> about Cum sa obtineti Rezultate Optime prin Optimizarea Campaniilor de Facebook Ads<\/span><\/a>\n\t\t\t<\/div>\n\t\t\t\t\t\t<\/div><\/div>\n                <\/article><article class=\"guten-post post-1947 post type-post status-publish format-standard has-post-thumbnail hentry category-uncategorized-ro tag-campanii-eficiente tag-campanii-instagram tag-campanii-publicitare-instagram tag-continut-adecvat tag-continut-valoros tag-instagram-advertising tag-instagram-campaigns tag-instagram-posts tag-postari-creative-instagram tag-social-media\">\n                    <div class=\"guten-thumb\"><a aria-label=\"Crearea unei campanii publicitare de succes pe Instagram: sfaturi de la profesioni\u0219ti\" href=\"javascript:void(0);\" data-href=\"https:\/\/digital-identity.ro\/ro\/1947\/crearea-unei-campanii-publicitare-de-succes-pe-instagram-sfaturi-de-la-profesionisti\/\"><div class=\"thumbnail-container \">\n            <img decoding=\"async\" loading=\"eager\"  width=\"620\" height=\"300\" src=\"https:\/\/digital-identity.ro\/wp-content\/uploads\/2023\/10\/insta.jpg\" class=\"attachment-full size-full wp-post-image\" alt=\"\" srcset=\"https:\/\/digital-identity.ro\/wp-content\/uploads\/2023\/10\/insta.jpg 620w, https:\/\/digital-identity.ro\/wp-content\/uploads\/2023\/10\/insta-300x145.jpg 300w\" sizes=\"(max-width: 620px) 100vw, 620px\" \/>\n\t\t\t<div class=\"guten-overlay\"><\/div>\n        <\/div><\/a><\/div>\n                    <div class=\"guten-postblock-content\"><div class=\"guten-post-category \"><span><a href=\"javascript:void(0);\" data-href=\"https:\/\/digital-identity.ro\/ro\/category\/uncategorized-ro\/\" aria-label=\"View all posts in Uncategorized @ro\" class=\"category-uncategorized-ro\">Uncategorized @ro<\/a><\/span><\/div><h3 class=\"guten-post-title\">\n\t\t\t\t\t\t\t<a aria-label=\"Crearea unei campanii publicitare de succes pe Instagram: sfaturi de la profesioni\u0219ti\" href=\"javascript:void(0);\" data-href=\"https:\/\/digital-identity.ro\/ro\/1947\/crearea-unei-campanii-publicitare-de-succes-pe-instagram-sfaturi-de-la-profesionisti\/\">Crearea unei campanii publicitare de succes pe Instagram: sfaturi de la profesioni\u0219ti<\/a>\n\t\t\t\t\t\t<\/h3><div class=\"guten-post-excerpt\"><p>Crearea unei campanii publicitare de succes pe Instagram este una dintre cele mai eficiente modalit\u0103\u021bi de a atinge publicul \u021bint\u0103&#8230;<\/p><\/div><div class=\"guten-post-meta-bottom\">\n\t\t\t\t\t\t\t<div class=\"guten-meta-readmore icon-position-after\">\n\t\t\t\t<a aria-label=\"Read more about Crearea unei campanii publicitare de succes pe Instagram: sfaturi de la profesioni\u0219ti\" href=\"javascript:void(0);\" data-href=\"https:\/\/digital-identity.ro\/ro\/1947\/crearea-unei-campanii-publicitare-de-succes-pe-instagram-sfaturi-de-la-profesionisti\/\" class=\"guten-readmore\">Afl\u0103 mai mult<i aria-hidden=\"true\" class=\"fas fa-arrow-right\"><\/i><span class=\"screen-reader-text\"> about Crearea unei campanii publicitare de succes pe Instagram: sfaturi de la profesioni\u0219ti<\/span><\/a>\n\t\t\t<\/div>\n\t\t\t\t\t\t<\/div><\/div>\n                <\/article><article class=\"guten-post post-1964 post type-post status-publish format-standard has-post-thumbnail hentry category-uncategorized-ro tag-campanii-eficiente tag-campanii-facebook tag-cautare-avansata-facebook tag-cea-mai-buna-eficienta tag-comunicare-digitala-eficienta tag-continut-adecvat tag-digitalizare-companiei tag-facebook-eficient tag-interese-diferite tag-plan-de-marketing tag-public-tinta-2 tag-publicul-tinta tag-reclame-eficiente tag-reclame-facebook tag-servicii tag-social-media tag-strategie-online tag-targetarea-facebook tag-targetarea-publica\">\n                    <div class=\"guten-thumb\"><a aria-label=\"Ghidul t\u0103u pentru targetarea public\u0103 pe Facebook: Cum s\u0103 ob\u021bii cea mai bun\u0103 eficien\u021b\u0103\" href=\"javascript:void(0);\" data-href=\"https:\/\/digital-identity.ro\/ro\/1964\/ghidul-tau-pentru-targetarea-publica-pe-facebook-cum-sa-obtii-cea-mai-buna-eficienta\/\"><div class=\"thumbnail-container \">\n            <img decoding=\"async\" loading=\"eager\"  width=\"1200\" height=\"628\" src=\"https:\/\/digital-identity.ro\/wp-content\/uploads\/2023\/04\/Ghidul-tau-pentru-targetarea-publica-pe-Facebook.jpeg\" class=\"attachment-full size-full wp-post-image\" alt=\"\" srcset=\"https:\/\/digital-identity.ro\/wp-content\/uploads\/2023\/04\/Ghidul-tau-pentru-targetarea-publica-pe-Facebook.jpeg 1200w, https:\/\/digital-identity.ro\/wp-content\/uploads\/2023\/04\/Ghidul-tau-pentru-targetarea-publica-pe-Facebook-300x157.jpeg 300w, https:\/\/digital-identity.ro\/wp-content\/uploads\/2023\/04\/Ghidul-tau-pentru-targetarea-publica-pe-Facebook-1024x536.jpeg 1024w, https:\/\/digital-identity.ro\/wp-content\/uploads\/2023\/04\/Ghidul-tau-pentru-targetarea-publica-pe-Facebook-768x402.jpeg 768w\" sizes=\"(max-width: 1200px) 100vw, 1200px\" \/>\n\t\t\t<div class=\"guten-overlay\"><\/div>\n        <\/div><\/a><\/div>\n                    <div class=\"guten-postblock-content\"><div class=\"guten-post-category \"><span><a href=\"javascript:void(0);\" data-href=\"https:\/\/digital-identity.ro\/ro\/category\/uncategorized-ro\/\" aria-label=\"View all posts in Uncategorized @ro\" class=\"category-uncategorized-ro\">Uncategorized @ro<\/a><\/span><\/div><h3 class=\"guten-post-title\">\n\t\t\t\t\t\t\t<a aria-label=\"Ghidul t\u0103u pentru targetarea public\u0103 pe Facebook: Cum s\u0103 ob\u021bii cea mai bun\u0103 eficien\u021b\u0103\" href=\"javascript:void(0);\" data-href=\"https:\/\/digital-identity.ro\/ro\/1964\/ghidul-tau-pentru-targetarea-publica-pe-facebook-cum-sa-obtii-cea-mai-buna-eficienta\/\">Ghidul t\u0103u pentru targetarea public\u0103 pe Facebook: Cum s\u0103 ob\u021bii cea mai bun\u0103 eficien\u021b\u0103<\/a>\n\t\t\t\t\t\t<\/h3><div class=\"guten-post-excerpt\"><p>Facebook este una dintre cele mai mari \u0219i mai utilizate platforme de social media din lume. Ofer\u0103 publicului dvs. \u021bint\u0103&#8230;<\/p><\/div><div class=\"guten-post-meta-bottom\">\n\t\t\t\t\t\t\t<div class=\"guten-meta-readmore icon-position-after\">\n\t\t\t\t<a aria-label=\"Read more about Ghidul t\u0103u pentru targetarea public\u0103 pe Facebook: Cum s\u0103 ob\u021bii cea mai bun\u0103 eficien\u021b\u0103\" href=\"javascript:void(0);\" data-href=\"https:\/\/digital-identity.ro\/ro\/1964\/ghidul-tau-pentru-targetarea-publica-pe-facebook-cum-sa-obtii-cea-mai-buna-eficienta\/\" class=\"guten-readmore\">Afl\u0103 mai mult<i aria-hidden=\"true\" class=\"fas fa-arrow-right\"><\/i><span class=\"screen-reader-text\"> about Ghidul t\u0103u pentru targetarea public\u0103 pe Facebook: Cum s\u0103 ob\u021bii cea mai bun\u0103 eficien\u021b\u0103<\/span><\/a>\n\t\t\t<\/div>\n\t\t\t\t\t\t<\/div><\/div>\n                <\/article>\n        <\/div>\n        <\/div><div class=\"guten-block-pagination guten-align\"><div class=\"guten-block-loadmore icon-position-before\"><span data-load=\"Load More\" data-loading=\"Loading...\"> Load More<\/span><\/div><\/div><\/div>","protected":false},"excerpt":{"rendered":"","protected":false},"author":1,"featured_media":0,"parent":0,"menu_order":0,"comment_status":"closed","ping_status":"closed","template":"","meta":{"footnotes":""},"class_list":["post-307","page","type-page","status-publish","hentry"],"_links":{"self":[{"href":"https:\/\/digital-identity.ro\/ro\/wp-json\/wp\/v2\/pages\/307","targetHints":{"allow":["GET"]}}],"collection":[{"href":"https:\/\/digital-identity.ro\/ro\/wp-json\/wp\/v2\/pages"}],"about":[{"href":"https:\/\/digital-identity.ro\/ro\/wp-json\/wp\/v2\/types\/page"}],"author":[{"embeddable":true,"href":"https:\/\/digital-identity.ro\/ro\/wp-json\/wp\/v2\/users\/1"}],"replies":[{"embeddable":true,"href":"https:\/\/digital-identity.ro\/ro\/wp-json\/wp\/v2\/comments?post=307"}],"version-history":[{"count":4,"href":"https:\/\/digital-identity.ro\/ro\/wp-json\/wp\/v2\/pages\/307\/revisions"}],"predecessor-version":[{"id":1486,"href":"https:\/\/digital-identity.ro\/ro\/wp-json\/wp\/v2\/pages\/307\/revisions\/1486"}],"wp:attachment":[{"href":"https:\/\/digital-identity.ro\/ro\/wp-json\/wp\/v2\/media?parent=307"}],"curies":[{"name":"wp","href":"https:\/\/api.w.org\/{rel}","templated":true}]}}