{"id":1681,"date":"2023-03-01T14:29:49","date_gmt":"2023-03-01T14:29:49","guid":{"rendered":"https:\/\/digital-identity.ro\/?page_id=1681"},"modified":"2023-03-01T14:42:39","modified_gmt":"2023-03-01T14:42:39","slug":"preturi-strategie-de-linkbuilding-durabil","status":"publish","type":"page","link":"https:\/\/digital-identity.ro\/ro\/preturi\/preturi-strategie-de-linkbuilding-durabil\/","title":{"rendered":"Link-Building durabil."},"content":{"rendered":"\n<div class=\"section-wrapper\" data-id=\"0xMmj4\"><section class=\"wp-block-gutenverse-section guten-element guten-section guten-0xMmj4 layout-boxed align-stretch\"><div class=\"guten-background-overlay\"><\/div><div class=\"guten-shape-divider guten-shape-divider-top\"><\/div><div class=\"guten-shape-divider guten-shape-divider-bottom\"><\/div><div class=\"guten-container guten-column-gap-default\">\n<div class=\"wp-block-gutenverse-column guten-element guten-column guten-JYItSA\"><div class=\"guten-background-overlay\"><\/div><div class=\"sticky-wrapper\" data-id=\"JYItSA\"><div class=\"guten-column-wrapper\">\n<div class=\"section-wrapper\" data-id=\"2vPIkr\"><section class=\"wp-block-gutenverse-section guten-element guten-section guten-2vPIkr layout-boxed align-stretch\"><div class=\"guten-background-overlay\"><\/div><div class=\"guten-shape-divider guten-shape-divider-top\"><\/div><div class=\"guten-shape-divider guten-shape-divider-bottom\"><\/div><div class=\"guten-container guten-column-gap-no\">\n<div class=\"wp-block-gutenverse-column guten-element guten-column guten-UNqA2e\"><div class=\"guten-background-overlay\"><\/div><div class=\"sticky-wrapper\" data-id=\"UNqA2e\"><div class=\"guten-column-wrapper\">\n<div class=\"guten-element guten-advanced-heading guten-h2bOdg animated guten-element-hide desktop-fadeInLeft\"><div class=\"heading-section \"><div class=\"heading-line before\"><\/div><h2 class=\"heading-title\">Servicii de Link-Building profesional<span class=\"heading-focus\"><\/span><\/h2><\/div><span class=\"heading-subtitle\">Te ajut\u0103m s\u0103 cre\u0219ti autoritatea site-ului t\u0103u printr-o pozi\u021bionare \u00een rezultatele c\u0103ut\u0103rii, ceea ce va atrage dup\u0103 sine cre\u0219terea traficului \u0219i a volumului conversiilor.<\/span><\/div>\n<\/div><\/div><\/div>\n\n\n\n<div class=\"wp-block-gutenverse-column guten-element guten-column guten-P6UnbT hide-mobile\"><div class=\"guten-background-overlay\"><\/div><div class=\"sticky-wrapper\" data-id=\"P6UnbT\"><div class=\"guten-column-wrapper\"><\/div><\/div><\/div>\n<\/div><\/section><\/div>\n\n\n\n<div class=\"section-wrapper\" data-id=\"yAuVdl\"><section class=\"wp-block-gutenverse-section guten-element guten-section guten-yAuVdl layout-boxed align-stretch\"><div class=\"guten-background-overlay\"><\/div><div class=\"guten-shape-divider guten-shape-divider-top\"><\/div><div class=\"guten-shape-divider guten-shape-divider-bottom\"><\/div><div class=\"guten-container guten-column-gap-default\">\n<div class=\"wp-block-gutenverse-column guten-element guten-column guten-mnwC3V\"><div class=\"guten-background-overlay\"><\/div><div class=\"sticky-wrapper\" data-id=\"mnwC3V\"><div class=\"guten-column-wrapper\"><\/div><\/div><\/div>\n\n\n\n<div class=\"wp-block-gutenverse-column guten-element guten-column guten-FP18k1\"><div class=\"guten-background-overlay\"><\/div><div class=\"sticky-wrapper\" data-id=\"FP18k1\"><div class=\"guten-column-wrapper\">\n<p class=\"has-text-align-center has-small-font-size\">Link building-ul este una dintre cele mai eficiente modalit\u0103\u021bi de a cre\u0219te vizibilitatea \u0219i autoritatea site-ului t\u0103u \u00een motoarele de c\u0103utare. Ne concentr\u0103m pe strategii de link building creative \u0219i eficiente, care s\u0103 te ajute s\u0103 ob\u021bii traficul \u0219i clasamentele pe care le meri\u021bi.<\/p>\n\n\n\n<p class=\"has-text-align-center has-small-font-size\">Noi oferim servicii de link building de \u00eenalta calitate prin care te putem ajut\u0103 s\u0103 ob\u021bii mai mult trafic organic \u0219i mai multe conversii. Ne concentr\u0103m pe construirea de link-uri de calitate, dintr-o varietate de surse, inclusiv bloggeri \u0219i publica\u021bii online, re\u021bele sociale, comunit\u0103\u021bi online \u0219i alte platforme online. Aceste link-uri vor ajut\u0103 la cre\u0219terea autorit\u0103\u021bii \u0219i credibilit\u0103\u021bii site-ului t\u0103u.<\/p>\n\n\n\n<p class=\"has-text-align-center has-small-font-size\">\u00cen plus, oferim un pachet personalizat pentru fiecare proiect, care te va ajut\u0103 s\u0103 ob\u021bii rezultatele dorite. Ne asigur\u0103m c\u0103 avem o \u00een\u021belegere clar\u0103 a obiectivelor tale, astfel \u00eenc\u00e2t s\u0103 putem furniza servicii de link building personalizate \u0219i eficiente.<\/p>\n\n\n\n<p class=\"has-text-align-center has-small-font-size\">Este dificil s\u0103 oferim o lista de pre\u021buri f\u0103r\u0103 a analiz\u0103 \u00eent\u00e2i proiectul, deoarece fiecare proiect are nevoi \u0219i cerin\u021be diferite. Acest lucru necesit\u0103 un proces de evaluare \u0219i planificare mai detaliat, pentru a ne asigura c\u0103 \u00ee\u021bi oferim serviciul adecvat nevoilor \u0219i obiectivelor tale de marketing.<\/p>\n\n\n\n<h2 class=\"has-text-align-center has-large-font-size wp-block-heading\">&#8222;Link Building este mai mult dec\u00e2t un simplu proces: este o experien\u021b\u0103 de construire a puterii \u0219i a autorit\u0103\u021bii, ce duce la rezultate mai bune \u0219i mai durabile!&#8221;<\/h2>\n<\/div><\/div><\/div>\n\n\n\n<div class=\"wp-block-gutenverse-column guten-element guten-column guten-OTmRoP\"><div class=\"guten-background-overlay\"><\/div><div class=\"sticky-wrapper\" data-id=\"OTmRoP\"><div class=\"guten-column-wrapper\"><\/div><\/div><\/div>\n<\/div><\/section><\/div>\n\n\n\n<div class=\"section-wrapper\" data-id=\"re7Rkt\"><section class=\"wp-block-gutenverse-section guten-element guten-section guten-re7Rkt layout-boxed align-stretch\"><div class=\"guten-background-overlay\"><\/div><div class=\"guten-shape-divider guten-shape-divider-top\"><\/div><div class=\"guten-shape-divider guten-shape-divider-bottom\"><\/div><div class=\"guten-container guten-column-gap-default\">\n<div class=\"wp-block-gutenverse-column guten-element guten-column guten-OVLkH2\"><div class=\"guten-background-overlay\"><\/div><div class=\"sticky-wrapper\" data-id=\"OVLkH2\"><div class=\"guten-column-wrapper\"><\/div><\/div><\/div>\n\n\n\n<div class=\"wp-block-gutenverse-column guten-element guten-column guten-AaNUcx\"><div class=\"guten-background-overlay\"><\/div><div class=\"sticky-wrapper\" data-id=\"AaNUcx\"><div class=\"guten-column-wrapper\">\n<div class=\"wp-block-group is-layout-constrained wp-block-group-is-layout-constrained\">\n<div class=\"guten-element guten-animated-text guten-Azwdko style-zoom\" data-animation=\"zoom\" data-loop=\"true\"><h1 class=\"text-content\">Indecis?<\/h1><\/div>\n\n\n\n<p class=\"has-text-align-center has-zeever-secondary-color has-text-color has-normal-font-size\">\u00ce\u021bi st\u0103m la dispozi\u021bie pentru orice nel\u0103murire ai avea sau chiar pentru un pachet structurat special pe nevoile tale.<\/p>\n\n\n\n<div class=\"guten-element guten-button-wrapper guten-VG64B9\"><a class=\"guten-button guten-button-info guten-button-md\" href=\"https:\/\/digital-identity.ro\/contact\/\"><span>Contacteaz\u0103-ne<\/span><\/a><\/div>\n<\/div>\n<\/div><\/div><\/div>\n\n\n\n<div class=\"wp-block-gutenverse-column guten-element guten-column guten-N16pN9\"><div class=\"guten-background-overlay\"><\/div><div class=\"sticky-wrapper\" data-id=\"N16pN9\"><div class=\"guten-column-wrapper\"><\/div><\/div><\/div>\n<\/div><\/section><\/div>\n\n\n\n<div class=\"wp-block-group has-zeever-bgsoft-background-color has-background is-layout-constrained wp-container-core-group-is-layout-22177b6a wp-block-group-is-layout-constrained\" style=\"padding-top:100px;padding-bottom:100px\">\n<div class=\"wp-block-columns is-layout-flex wp-container-core-columns-is-layout-28f84493 wp-block-columns-is-layout-flex\">\n<div class=\"wp-block-column is-layout-flow wp-block-column-is-layout-flow\">\n<div class=\"wp-block-group is-layout-flow wp-block-group-is-layout-flow\">\n<div class=\"wp-block-columns is-layout-flex wp-container-core-columns-is-layout-28f84493 wp-block-columns-is-layout-flex\">\n<div class=\"wp-block-column is-layout-flow wp-block-column-is-layout-flow\">\n<h2 class=\"has-text-align-left is-style-lineseparator zeever-animate zeever-move-right zeever-delay-1 has-zeever-primary-color has-text-color has-heading-2-font-size wp-block-heading\">Beneficiile LinkBuilding-ului<\/h2>\n\n\n\n<h2 class=\"has-text-align-left zeever-animate zeever-move-right zeever-delay-3 has-zeever-secondary-color has-text-color has-tiny-font-size wp-block-heading\" style=\"font-style:normal;font-weight:500;text-transform:uppercase\">Te ajut\u0103m s\u0103 te conecteazi la succes cu link building de calitate po\u021bi s\u0103 construie\u0219ti mai mult trafic, autoritate \u0219i rezultate!<\/h2>\n<\/div>\n<\/div>\n<\/div>\n\n\n\n<div class=\"wp-block-group zeever-animate zeever-move-up zeever-delay-3 is-layout-constrained wp-container-core-group-is-layout-32cee7d8 wp-block-group-is-layout-constrained\" style=\"padding-top:40px\">\n<div class=\"wp-block-columns is-layout-flex wp-container-core-columns-is-layout-28f84493 wp-block-columns-is-layout-flex\">\n<div class=\"wp-block-column is-style-customborderbottomhover zeever-animate zeever-move-up zeever-delay-1 has-background is-layout-flow wp-block-column-is-layout-flow\" style=\"background-color:#121212;padding-top:50px;padding-right:40px;padding-bottom:50px;padding-left:40px\">\n<div class=\"wp-block-gutenverse-icon guten-element guten-4vULMK guten-icon\"><span class=\"guten-icon-wrapper rounded stacked\"><i class=\"gtn gtn-sourcetree\"><\/i><\/span><\/div>\n\n\n\n<h2 class=\"has-text-align-left has-zeever-primary-color has-text-color has-heading-3-font-size wp-block-heading\" style=\"margin-top:30px;margin-bottom:20px\">Cre\u0219terea vizibilit\u0103\u021bii<\/h2>\n\n\n\n<p class=\"has-text-align-left has-zeever-bodytext-color has-text-color\">Ob\u021binerea de backlink-uri de la alte site-uri de \u00eencredere ajut\u0103 la \u00eembun\u0103t\u0103\u021birea pozi\u021bion\u0103rii site-ului \u00een c\u0103ut\u0103ri \u0219i, implicit, la cre\u0219terea traficului.<\/p>\n<\/div>\n\n\n\n<div class=\"wp-block-column is-style-customborderbottom zeever-animate zeever-move-up zeever-delay-3 has-zeever-secondary-background-color has-background is-layout-flow wp-block-column-is-layout-flow\" style=\"padding-top:50px;padding-right:40px;padding-bottom:0px;padding-left:40px\">\n<div class=\"wp-block-gutenverse-icon guten-element guten-Eu5UzG guten-icon\"><span class=\"guten-icon-wrapper rounded stacked\"><i class=\"gtn gtn-trending-down-line\"><\/i><\/span><\/div>\n\n\n\n<h2 class=\"has-text-align-left has-black-color has-text-color has-heading-3-font-size wp-block-heading\" style=\"margin-top:20px;font-style:normal;font-weight:600\">Sporirea credibilit\u0103\u021bii<\/h2>\n\n\n\n<p class=\"has-text-align-left has-zeever-bgsoft-color has-text-color\">Contribuie la \u00eembun\u0103t\u0103\u021birea autorit\u0103\u021bii \u0219i a credibilit\u0103\u021bii site-ului, precum \u0219i la cre\u0219terea gradului de \u00eencredere pe care publicul \u00eel are \u00een acesta.<\/p>\n<\/div>\n\n\n\n<div class=\"wp-block-column is-style-customborderbottomhover zeever-animate zeever-move-up zeever-delay-5 has-background is-layout-flow wp-block-column-is-layout-flow\" style=\"background-color:#121212;padding-top:50px;padding-right:40px;padding-bottom:50px;padding-left:40px\">\n<div class=\"wp-block-gutenverse-icon guten-element guten-sRUbuR guten-icon\"><span class=\"guten-icon-wrapper rounded stacked\"><i class=\"gtn gtn-page_search-light\"><\/i><\/span><\/div>\n\n\n\n<h2 class=\"has-text-align-left has-zeever-primary-color has-text-color has-heading-3-font-size wp-block-heading\" style=\"margin-top:30px;margin-bottom:20px;font-style:normal;font-weight:600\">Brand awareness<\/h2>\n\n\n\n<p class=\"has-text-align-left has-zeever-bodytext-color has-text-color\">Cre\u0219terea brand awareness se realizeaz\u0103 prin link-uri c\u0103tre site de la alte site-uri, ceea ce ajut\u0103 la promovarea produselor \u0219i serviciilor.<\/p>\n<\/div>\n<\/div>\n<\/div>\n\n\n\n<div class=\"wp-block-group zeever-animate zeever-move-up zeever-delay-3 is-layout-constrained wp-container-core-group-is-layout-32cee7d8 wp-block-group-is-layout-constrained\" style=\"padding-top:40px\">\n<div class=\"wp-block-columns is-layout-flex wp-container-core-columns-is-layout-28f84493 wp-block-columns-is-layout-flex\">\n<div class=\"wp-block-column zeever-animate zeever-move-up zeever-delay-1 is-style-customborderbottom has-zeever-secondary-background-color has-background is-layout-flow wp-block-column-is-layout-flow\" style=\"padding-top:50px;padding-right:40px;padding-bottom:50px;padding-left:40px\">\n<div class=\"wp-block-gutenverse-icon guten-element guten-2bGcRg guten-icon\"><span class=\"guten-icon-wrapper rounded stacked\"><i class=\"gtn gtn-review-light\"><\/i><\/span><\/div>\n\n\n\n<h2 class=\"has-text-align-left has-zeever-third-color has-text-color has-heading-3-font-size wp-block-heading\" style=\"margin-top:20px;font-style:normal;font-weight:600\">Construirea rela\u021biilor<\/h2>\n\n\n\n<p class=\"has-text-align-left has-zeever-third-color has-text-color\">Crearea de link-uri c\u0103tre alte site-uri, ajut\u0103 la dezvoltarea de parteneriate \u0219i colabor\u0103ri pe termen lung \u0219i la construirea rela\u021biilor cu alte site-uri.<\/p>\n<\/div>\n\n\n\n<div class=\"wp-block-column is-style-customborderbottomhover zeever-animate zeever-move-up zeever-delay-3 has-background is-layout-flow wp-block-column-is-layout-flow\" style=\"background-color:#121212;padding-top:50px;padding-right:40px;padding-bottom:50px;padding-left:40px\">\n<div class=\"wp-block-gutenverse-icon guten-element guten-WW8uUO guten-icon\"><span class=\"guten-icon-wrapper rounded stacked\"><i class=\"gtn gtn-consult-light\"><\/i><\/span><\/div>\n\n\n\n<h2 class=\"has-text-align-left has-zeever-primary-color has-text-color has-heading-3-font-size wp-block-heading\" style=\"margin-top:20px;font-style:normal;font-weight:600\">Cre\u0219terea ROI<\/h2>\n\n\n\n<p class=\"has-text-align-left has-zeever-bodytext-color has-text-color\">Ofer\u0103 o g\u00e2ndire strategic\u0103 \u0219i ajut\u0103 la sporirea ROI (Return On Investment) prin crearea de link-uri c\u0103tre produsele tale care sunt relevante pentru public.<\/p>\n<\/div>\n\n\n\n<div class=\"wp-block-column zeever-animate zeever-move-up zeever-delay-5 is-style-customborderbottom has-zeever-secondary-background-color has-background is-layout-flow wp-block-column-is-layout-flow\" style=\"padding-top:50px;padding-right:40px;padding-bottom:50px;padding-left:40px\">\n<div class=\"wp-block-gutenverse-icon guten-element guten-4EkudE guten-icon\"><span class=\"guten-icon-wrapper rounded stacked\"><i class=\"gtn gtn-support-light\"><\/i><\/span><\/div>\n\n\n\n<h2 class=\"has-text-align-left has-zeever-third-color has-text-color has-heading-3-font-size wp-block-heading\" style=\"margin-top:20px;font-style:normal;font-weight:600\">\u00cembun\u0103t\u0103\u021birea calit\u0103\u021bii<\/h2>\n\n\n\n<p class=\"has-text-align-left has-zeever-third-color has-text-color\">Crearea de link-uri c\u0103tre con\u021binut de calitate, ajut\u0103 la \u00eembun\u0103t\u0103\u021birea experien\u021bei de navigare \u0219i la cre\u0219terea valorii informa\u021biilor furnizate.<\/p>\n<\/div>\n<\/div>\n<\/div>\n<\/div>\n<\/div>\n<\/div>\n\n\n\n<div class=\"section-wrapper\" data-id=\"NP3dCL\"><section class=\"wp-block-gutenverse-section guten-element guten-section guten-NP3dCL layout-boxed align-stretch\"><div class=\"guten-background-overlay\"><\/div><div class=\"guten-shape-divider guten-shape-divider-top\"><\/div><div class=\"guten-shape-divider guten-shape-divider-bottom\"><\/div><div class=\"guten-container guten-column-gap-default\">\n<div class=\"wp-block-gutenverse-column guten-element guten-column guten-7xEUWz\"><div class=\"guten-background-overlay\"><\/div><div class=\"sticky-wrapper\" data-id=\"7xEUWz\"><div class=\"guten-column-wrapper\"><\/div><\/div><\/div>\n\n\n\n<div class=\"wp-block-gutenverse-column guten-element guten-column guten-GMV3YD\"><div class=\"guten-background-overlay\"><\/div><div class=\"sticky-wrapper\" data-id=\"GMV3YD\"><div class=\"guten-column-wrapper\">\n<h2 class=\"wp-block-gutenverse-heading guten-element guten-KlkHxu\">De ce s\u0103 alegi Digital Identity? \ud83e\udd16<\/h2>\n<\/div><\/div><\/div>\n\n\n\n<div class=\"wp-block-gutenverse-column guten-element guten-column guten-HbekjQ\"><div class=\"guten-background-overlay\"><\/div><div class=\"sticky-wrapper\" data-id=\"HbekjQ\"><div class=\"guten-column-wrapper\"><\/div><\/div><\/div>\n<\/div><\/section><\/div>\n\n\n\n<div class=\"section-wrapper\" data-id=\"e74cw3\"><section class=\"wp-block-gutenverse-section guten-element guten-section guten-e74cw3 layout-boxed align-stretch\"><div class=\"guten-background-overlay\"><\/div><div class=\"guten-shape-divider guten-shape-divider-top\"><\/div><div class=\"guten-shape-divider guten-shape-divider-bottom\"><\/div><div class=\"guten-container guten-column-gap-default\">\n<div class=\"wp-block-gutenverse-column guten-element guten-column guten-MVU9Qp\"><div class=\"guten-background-overlay\"><\/div><div class=\"sticky-wrapper\" data-id=\"MVU9Qp\"><div class=\"guten-column-wrapper\">\n<div class=\"wp-block-gutenverse-image guten-element guten-image guten-uhy5GA\"><a class=\"guten-image-wrapper\"><img decoding=\"async\" class=\"gutenverse-image-box-filled\" src=\"https:\/\/digital-identity.ro\/wp-content\/uploads\/2023\/01\/echipa-profesionala-care-te-ajuta-sa-obtii-succesul-firmei-tale-e1674825989823.jpg\" height=\"801\" width=\"864\"\/><\/a><\/div>\n<\/div><\/div><\/div>\n\n\n\n<div class=\"wp-block-gutenverse-column guten-element guten-column guten-DH4S40\"><div class=\"guten-background-overlay\"><\/div><div class=\"sticky-wrapper\" data-id=\"DH4S40\"><div class=\"guten-column-wrapper\">\n<figure class=\"wp-block-table has-small-font-size\"><table style=\"border-style:none;border-width:0px\"><tbody><tr><td><strong>\ud83d\udd0e<\/strong><\/td><td>Oferim o experien\u021b\u0103 de peste 10 ani \u00een construirea de link-uri de calitate \u0219i dezvoltarea de strategii de business pentru a atinge obiectivele de afaceri ale clien\u021bilor no\u0219tri.<\/td><\/tr><tr><td>\ud83e\uddf2<\/td><td>Utiliz\u0103m metode eficiente pentru a ob\u021bine rezultate rapide \u0219i pentru a ajuta clien\u021bii s\u0103-\u0219i dezvolte afacerile \u00eentr-un mod eficient.<\/td><\/tr><tr><td>\ud83c\udf0f<\/td><td>Oferim pre\u021buri competitive f\u0103r\u0103 a afecta calitatea serviciilor noastre \u0219i a oferi suportul necesar clien\u021bilor pentru a se dezvolta \u0219i a-\u0219i maximiza profitul.<\/td><\/tr><tr><td>\ud83d\udd27<\/td><td>Lucr\u0103m pentru a crea strategii personalizate pentru fiecare client \u00een parte, \u00een func\u021bie de obiectivele \u0219i nevoile de dezvoltare business.<\/td><\/tr><tr><td>\ud83d\udee1<\/td><td>Suportul nostru este rapid \u0219i eficient pentru a r\u0103spunde la \u00eentreb\u0103rile tale \u0219i pentru a te ajuta s\u0103 \u00een\u021belegi \u0219i s\u0103 implementezi strategiile de dezvoltare.<\/td><\/tr><\/tbody><\/table><\/figure>\n<\/div><\/div><\/div>\n<\/div><\/section><\/div>\n<\/div><\/div><\/div>\n<\/div><\/section><\/div>\n\n\n\n<p><\/p>\n","protected":false},"excerpt":{"rendered":"","protected":false},"author":1,"featured_media":0,"parent":1499,"menu_order":0,"comment_status":"closed","ping_status":"closed","template":"","meta":{"footnotes":""},"class_list":["post-1681","page","type-page","status-publish","hentry"],"_links":{"self":[{"href":"https:\/\/digital-identity.ro\/ro\/wp-json\/wp\/v2\/pages\/1681","targetHints":{"allow":["GET"]}}],"collection":[{"href":"https:\/\/digital-identity.ro\/ro\/wp-json\/wp\/v2\/pages"}],"about":[{"href":"https:\/\/digital-identity.ro\/ro\/wp-json\/wp\/v2\/types\/page"}],"author":[{"embeddable":true,"href":"https:\/\/digital-identity.ro\/ro\/wp-json\/wp\/v2\/users\/1"}],"replies":[{"embeddable":true,"href":"https:\/\/digital-identity.ro\/ro\/wp-json\/wp\/v2\/comments?post=1681"}],"version-history":[{"count":6,"href":"https:\/\/digital-identity.ro\/ro\/wp-json\/wp\/v2\/pages\/1681\/revisions"}],"predecessor-version":[{"id":1689,"href":"https:\/\/digital-identity.ro\/ro\/wp-json\/wp\/v2\/pages\/1681\/revisions\/1689"}],"up":[{"embeddable":true,"href":"https:\/\/digital-identity.ro\/ro\/wp-json\/wp\/v2\/pages\/1499"}],"wp:attachment":[{"href":"https:\/\/digital-identity.ro\/ro\/wp-json\/wp\/v2\/media?parent=1681"}],"curies":[{"name":"wp","href":"https:\/\/api.w.org\/{rel}","templated":true}]}}