{"id":1593,"date":"2023-02-27T12:07:35","date_gmt":"2023-02-27T12:07:35","guid":{"rendered":"https:\/\/digital-identity.ro\/?page_id=1593"},"modified":"2023-03-13T13:38:40","modified_gmt":"2023-03-13T13:38:40","slug":"preturi-branding-profesional-si-construire-identitate-de-marca-durabila","status":"publish","type":"page","link":"https:\/\/digital-identity.ro\/ro\/preturi\/preturi-branding-profesional-si-construire-identitate-de-marca-durabila\/","title":{"rendered":"Branding complet."},"content":{"rendered":"\n<div class=\"section-wrapper\" data-id=\"0xMmj4\"><section class=\"wp-block-gutenverse-section guten-element guten-section guten-0xMmj4 layout-boxed align-stretch\"><div class=\"guten-background-overlay\"><\/div><div class=\"guten-shape-divider guten-shape-divider-top\"><\/div><div class=\"guten-shape-divider guten-shape-divider-bottom\"><\/div><div class=\"guten-container guten-column-gap-default\">\n<div class=\"wp-block-gutenverse-column guten-element guten-column guten-JYItSA\"><div class=\"guten-background-overlay\"><\/div><div class=\"sticky-wrapper\" data-id=\"JYItSA\"><div class=\"guten-column-wrapper\">\n<div class=\"section-wrapper\" data-id=\"2vPIkr\"><section class=\"wp-block-gutenverse-section guten-element guten-section guten-2vPIkr layout-boxed align-stretch\"><div class=\"guten-background-overlay\"><\/div><div class=\"guten-shape-divider guten-shape-divider-top\"><\/div><div class=\"guten-shape-divider guten-shape-divider-bottom\"><\/div><div class=\"guten-container guten-column-gap-no\">\n<div class=\"wp-block-gutenverse-column guten-element guten-column guten-UNqA2e\"><div class=\"guten-background-overlay\"><\/div><div class=\"sticky-wrapper\" data-id=\"UNqA2e\"><div class=\"guten-column-wrapper\">\n<div class=\"guten-element guten-advanced-heading guten-h2bOdg animated guten-element-hide desktop-fadeInLeft\"><div class=\"heading-section \"><div class=\"heading-line before\"><\/div><h2 class=\"heading-title\">Servicii de Branding profesionale<span class=\"heading-focus\"><\/span><\/h2><\/div><span class=\"heading-subtitle\">Te ajut\u0103m s\u0103 ob\u021bii rezultate superioare \u0219i s\u0103 \u00ee\u021bi construie\u0219ti o prezen\u021b\u0103 de impact!<\/span><\/div>\n<\/div><\/div><\/div>\n\n\n\n<div class=\"wp-block-gutenverse-column guten-element guten-column guten-P6UnbT hide-mobile\"><div class=\"guten-background-overlay\"><\/div><div class=\"sticky-wrapper\" data-id=\"P6UnbT\"><div class=\"guten-column-wrapper\"><\/div><\/div><\/div>\n<\/div><\/section><\/div>\n\n\n\n<div class=\"section-wrapper\" data-id=\"yAuVdl\"><section class=\"wp-block-gutenverse-section guten-element guten-section guten-yAuVdl layout-boxed align-stretch\"><div class=\"guten-background-overlay\"><\/div><div class=\"guten-shape-divider guten-shape-divider-top\"><\/div><div class=\"guten-shape-divider guten-shape-divider-bottom\"><\/div><div class=\"guten-container guten-column-gap-default\">\n<div class=\"wp-block-gutenverse-column guten-element guten-column guten-mnwC3V\"><div class=\"guten-background-overlay\"><\/div><div class=\"sticky-wrapper\" data-id=\"mnwC3V\"><div class=\"guten-column-wrapper\"><\/div><\/div><\/div>\n\n\n\n<div class=\"wp-block-gutenverse-column guten-element guten-column guten-FP18k1\"><div class=\"guten-background-overlay\"><\/div><div class=\"sticky-wrapper\" data-id=\"FP18k1\"><div class=\"guten-column-wrapper\">\n<p class=\"has-text-align-center has-small-font-size\">Serviciul nostru de branding poate oferi un avantaj major pentru orice business, deoarece ofer\u0103 o imagine coerent\u0103 \u0219i profesional\u0103 brandului. Acest serviciu poate ajut\u0103 la construirea unei identit\u0103\u021bi pentru companie, care poate fi folosit\u0103 pentru a v\u0103 conecta mai bine cu clien\u021bii \u0219i pentru a ajut\u0103 pia\u021ba s\u0103 \u00een\u021beleag\u0103 ce face\u021bi \u0219i cum pute\u021bi ajut\u0103. De exemplu, acest serviciu poate ajuta la crearea unui <strong>nume de brand<\/strong>, a unei scheme de culori \u0219i a unor <strong>sloganuri memorabile<\/strong> care pot fi folosite pentru a promova afacerile. De asemenea, poate fi folosit pentru a dezvolta un <strong>logo unic<\/strong> \u0219i care poate fi folosit pentru a promova produsele \u0219i serviciile tale.<\/p>\n\n\n\n<p class=\"has-text-align-center has-small-font-size\">De asemenea, serviciul nostru de branding sau rebranding profesional poate ajuta la construirea unui sentiment profund de \u00eencredere \u0219i loialitate fa\u021b\u0103 de brand, precum \u0219i la crearea unor produse \u0219i servicii de calitate superioar\u0103. Acest lucru poate ajuta la cre\u0219terea volumului v\u00e2nz\u0103rilor \u0219i la atragerea unui num\u0103r mai mare de clien\u021bi direct interes\u021bi. Acest lucru poate fi realizat prin crearea unor campanii publicitare eficiente \u0219i prin asigurarea unei comunic\u0103ri continue cu clien\u021bii prin intermediul canalelelor de sociale. <\/p>\n\n\n\n<p class=\"has-text-align-center has-small-font-size\">C\u00e2nd vine vorba de pre\u021buri, putem spune c\u0103 este dificil de previzionat fara a analiza in prealabil proiectul, dar c\u0103 oferim servicii de branding la pre\u021buri competitive. Acestea sunt \u00een general bazate pe nivelul de complexitate al proiectului, num\u0103rul de ore de lucru \u0219i al\u021bi factori care influen\u021beaz\u0103 pre\u021bul total, precum calitatea materialelor utilizate, num\u0103rul de revizuiri necesare \u0219i orice alte costuri adi\u021bionale. \u00cen plus, putem oferi \u0219i reduceri pentru cei care doresc s\u0103 comande servicii de rebranding pe termen mai lung. Acest lucru \u00eenseamn\u0103 c\u0103 vei putea ob\u021bine cele mai bune servicii la cele mai bune pre\u021buri f\u0103r\u0103 a fi nevoit s\u0103 cheltui prea mult.<\/p>\n\n\n\n<h2 class=\"has-text-align-center has-large-font-size wp-block-heading\">Beneficiaz\u0103 de experien\u021ba noastr\u0103 vast\u0103 \u00een branding \u0219i nevoile tale sunt \u00eentotdeauna la inima procesului nostru.<\/h2>\n<\/div><\/div><\/div>\n\n\n\n<div class=\"wp-block-gutenverse-column guten-element guten-column guten-OTmRoP\"><div class=\"guten-background-overlay\"><\/div><div class=\"sticky-wrapper\" data-id=\"OTmRoP\"><div class=\"guten-column-wrapper\"><\/div><\/div><\/div>\n<\/div><\/section><\/div>\n\n\n\n<div class=\"section-wrapper\" data-id=\"re7Rkt\"><section class=\"wp-block-gutenverse-section guten-element guten-section guten-re7Rkt layout-boxed align-stretch\"><div class=\"guten-background-overlay\"><\/div><div class=\"guten-shape-divider guten-shape-divider-top\"><\/div><div class=\"guten-shape-divider guten-shape-divider-bottom\"><\/div><div class=\"guten-container guten-column-gap-default\">\n<div class=\"wp-block-gutenverse-column guten-element guten-column guten-OVLkH2\"><div class=\"guten-background-overlay\"><\/div><div class=\"sticky-wrapper\" data-id=\"OVLkH2\"><div class=\"guten-column-wrapper\"><\/div><\/div><\/div>\n\n\n\n<div class=\"wp-block-gutenverse-column guten-element guten-column guten-AaNUcx\"><div class=\"guten-background-overlay\"><\/div><div class=\"sticky-wrapper\" data-id=\"AaNUcx\"><div class=\"guten-column-wrapper\">\n<div class=\"wp-block-group is-layout-constrained wp-block-group-is-layout-constrained\">\n<div class=\"guten-element guten-animated-text guten-Azwdko style-zoom\" data-animation=\"zoom\" data-loop=\"true\"><h1 class=\"text-content\">Indecis?<\/h1><\/div>\n\n\n\n<p class=\"has-text-align-center has-zeever-secondary-color has-text-color has-normal-font-size\">\u00ce\u021bi st\u0103m la dispozi\u021bie pentru orice nel\u0103murire ai avea sau chiar pentru un pachet structurat special pe nevoile tale.<\/p>\n\n\n\n<div class=\"guten-element guten-button-wrapper guten-VG64B9\"><a class=\"guten-button guten-button-info guten-button-md\" href=\"https:\/\/digital-identity.ro\/contact\/\"><span>Contacteaz\u0103-ne<\/span><\/a><\/div>\n<\/div>\n<\/div><\/div><\/div>\n\n\n\n<div class=\"wp-block-gutenverse-column guten-element guten-column guten-N16pN9\"><div class=\"guten-background-overlay\"><\/div><div class=\"sticky-wrapper\" data-id=\"N16pN9\"><div class=\"guten-column-wrapper\"><\/div><\/div><\/div>\n<\/div><\/section><\/div>\n\n\n\n<div class=\"wp-block-group has-zeever-bgsoft-background-color has-background is-layout-constrained wp-container-core-group-is-layout-22177b6a wp-block-group-is-layout-constrained\" style=\"padding-top:100px;padding-bottom:100px\">\n<div class=\"wp-block-columns is-layout-flex wp-container-core-columns-is-layout-28f84493 wp-block-columns-is-layout-flex\">\n<div class=\"wp-block-column is-layout-flow wp-block-column-is-layout-flow\">\n<div class=\"wp-block-group is-layout-flow wp-block-group-is-layout-flow\">\n<div class=\"wp-block-columns is-layout-flex wp-container-core-columns-is-layout-28f84493 wp-block-columns-is-layout-flex\">\n<div class=\"wp-block-column is-layout-flow wp-block-column-is-layout-flow\">\n<h2 class=\"has-text-align-left is-style-lineseparator zeever-animate zeever-move-right zeever-delay-1 has-zeever-primary-color has-text-color has-heading-2-font-size wp-block-heading\">Beneficiile Brandului<\/h2>\n\n\n\n<h2 class=\"has-text-align-left zeever-animate zeever-move-right zeever-delay-3 has-zeever-secondary-color has-text-color has-tiny-font-size wp-block-heading\" style=\"font-style:normal;font-weight:500;text-transform:uppercase\">De la identitatea vizual\u0103 \u0219i p\u00e2n\u0103 la strategia de branding, te ajut\u0103m s\u0103 \u00ee\u021bi construie\u0219ti imaginea de care ai nevoie pentru a avea <strong>succes<\/strong>.<\/h2>\n<\/div>\n<\/div>\n<\/div>\n\n\n\n<div class=\"wp-block-group zeever-animate zeever-move-up zeever-delay-3 is-layout-constrained wp-container-core-group-is-layout-32cee7d8 wp-block-group-is-layout-constrained\" style=\"padding-top:40px\">\n<div class=\"wp-block-columns is-layout-flex wp-container-core-columns-is-layout-28f84493 wp-block-columns-is-layout-flex\">\n<div class=\"wp-block-column is-style-customborderbottomhover zeever-animate zeever-move-up zeever-delay-1 has-background is-layout-flow wp-block-column-is-layout-flow\" style=\"background-color:#121212;padding-top:50px;padding-right:40px;padding-bottom:50px;padding-left:40px\">\n<div class=\"wp-block-gutenverse-icon guten-element guten-4vULMK guten-icon\"><span class=\"guten-icon-wrapper rounded stacked\"><i class=\"gtn gtn-sourcetree\"><\/i><\/span><\/div>\n\n\n\n<h2 class=\"has-text-align-left has-zeever-primary-color has-text-color has-heading-3-font-size wp-block-heading\" style=\"margin-top:30px;margin-bottom:20px\">Identificarea sursei<\/h2>\n\n\n\n<p class=\"has-text-align-left has-zeever-bodytext-color has-text-color\">Proiectarea unei m\u0103rci profesional ajut\u0103 consumatorii s\u0103 fac\u0103 o alegere inteligent\u0103, oferindu-le mai multe informa\u0163ii despre produsul sau serviciul pe care \u00eel cump\u0103r\u0103.<\/p>\n<\/div>\n\n\n\n<div class=\"wp-block-column is-style-customborderbottom zeever-animate zeever-move-up zeever-delay-3 has-zeever-secondary-background-color has-background is-layout-flow wp-block-column-is-layout-flow\" style=\"padding-top:50px;padding-right:40px;padding-bottom:0px;padding-left:40px\">\n<div class=\"wp-block-gutenverse-icon guten-element guten-Eu5UzG guten-icon\"><span class=\"guten-icon-wrapper rounded stacked\"><i class=\"gtn gtn-trending-down-line\"><\/i><\/span><\/div>\n\n\n\n<h2 class=\"has-text-align-left has-black-color has-text-color has-heading-3-font-size wp-block-heading\" style=\"margin-top:20px;font-style:normal;font-weight:600\">Risc redus<\/h2>\n\n\n\n<p class=\"has-text-align-left has-zeever-bgsoft-color has-text-color\">Un brand profesional ofer\u0103 o mare garan\u0163ie de siguran\u0163\u0103 consumatorilor, prin reducerea semnificativ\u0103 a riscului de a se asocia involuntar cu un produs sau serviciu necalitativ.<\/p>\n<\/div>\n\n\n\n<div class=\"wp-block-column is-style-customborderbottomhover zeever-animate zeever-move-up zeever-delay-5 has-background is-layout-flow wp-block-column-is-layout-flow\" style=\"background-color:#121212;padding-top:50px;padding-right:40px;padding-bottom:50px;padding-left:40px\">\n<div class=\"wp-block-gutenverse-icon guten-element guten-sRUbuR guten-icon\"><span class=\"guten-icon-wrapper rounded stacked\"><i class=\"gtn gtn-page_search-light\"><\/i><\/span><\/div>\n\n\n\n<h2 class=\"has-text-align-left has-zeever-primary-color has-text-color has-heading-3-font-size wp-block-heading\" style=\"margin-top:30px;margin-bottom:20px;font-style:normal;font-weight:600\">C\u0103utare redus\u0103<\/h2>\n\n\n\n<p class=\"has-text-align-left has-zeever-bodytext-color has-text-color\">Printr-un brand profesional puternic se pot reduce eforturile de c\u0103utare, oferind consumatorilor informa\u0163ii clare despre produsul sau serviciul pe care urmeaz\u0103 s\u0103-l cumpere.<\/p>\n<\/div>\n<\/div>\n<\/div>\n\n\n\n<div class=\"wp-block-group zeever-animate zeever-move-up zeever-delay-3 is-layout-constrained wp-container-core-group-is-layout-32cee7d8 wp-block-group-is-layout-constrained\" style=\"padding-top:40px\">\n<div class=\"wp-block-columns is-layout-flex wp-container-core-columns-is-layout-28f84493 wp-block-columns-is-layout-flex\">\n<div class=\"wp-block-column zeever-animate zeever-move-up zeever-delay-1 is-style-customborderbottom has-zeever-secondary-background-color has-background is-layout-flow wp-block-column-is-layout-flow\" style=\"padding-top:50px;padding-right:40px;padding-bottom:50px;padding-left:40px\">\n<div class=\"wp-block-gutenverse-icon guten-element guten-2bGcRg guten-icon\"><span class=\"guten-icon-wrapper rounded stacked\"><i class=\"gtn gtn-review-light\"><\/i><\/span><\/div>\n\n\n\n<h2 class=\"has-text-align-left has-zeever-third-color has-text-color has-heading-3-font-size wp-block-heading\" style=\"margin-top:20px;font-style:normal;font-weight:600\">Semn de calitate<\/h2>\n\n\n\n<p class=\"has-text-align-left has-zeever-third-color has-text-color\">O marc\u0103 puternic\u0103 \u0219i de durat\u0103 \u00een timp poate cre\u015fte nivelul de \u00eencredere al consumatorului, asigur\u00e2ndu-le c\u0103 ob\u0163in o calitate superioar\u0103 a produsului sau serviciului.<\/p>\n<\/div>\n\n\n\n<div class=\"wp-block-column is-style-customborderbottomhover zeever-animate zeever-move-up zeever-delay-3 has-background is-layout-flow wp-block-column-is-layout-flow\" style=\"background-color:#121212;padding-top:50px;padding-right:40px;padding-bottom:50px;padding-left:40px\">\n<div class=\"wp-block-gutenverse-icon guten-element guten-WW8uUO guten-icon\"><span class=\"guten-icon-wrapper rounded stacked\"><i class=\"gtn gtn-consult-light\"><\/i><\/span><\/div>\n\n\n\n<h2 class=\"has-text-align-left has-zeever-primary-color has-text-color has-heading-3-font-size wp-block-heading\" style=\"margin-top:20px;font-style:normal;font-weight:600\">Simbol identitate<\/h2>\n\n\n\n<p class=\"has-text-align-left has-zeever-bodytext-color has-text-color\">Prin auto-identificare, un brand bine construit poate oferi consumatorilor un simbol distinct care s\u0103 le permit\u0103 s\u0103 se identifice cu produsul sau serviciul cump\u0103rat.<\/p>\n<\/div>\n\n\n\n<div class=\"wp-block-column zeever-animate zeever-move-up zeever-delay-5 is-style-customborderbottom has-zeever-secondary-background-color has-background is-layout-flow wp-block-column-is-layout-flow\" style=\"padding-top:50px;padding-right:40px;padding-bottom:50px;padding-left:40px\">\n<div class=\"wp-block-gutenverse-icon guten-element guten-4EkudE guten-icon\"><span class=\"guten-icon-wrapper rounded stacked\"><i class=\"gtn gtn-support-light\"><\/i><\/span><\/div>\n\n\n\n<h2 class=\"has-text-align-left has-zeever-third-color has-text-color has-heading-3-font-size wp-block-heading\" style=\"margin-top:20px;font-style:normal;font-weight:600\">Responsabilitate<\/h2>\n\n\n\n<p class=\"has-text-align-left has-zeever-third-color has-text-color\">Atribuirea de responsabilitate ofer\u0103 clien\u021bilor asigur\u0103ri c\u0103 produc\u0103torul \u00ee\u015fi asum\u0103 responsabilitatea pentru produse sau servicii, asigur\u00e2nd o bun\u0103 experien\u0163\u0103 de cump\u0103rare.<\/p>\n<\/div>\n<\/div>\n<\/div>\n<\/div>\n<\/div>\n<\/div>\n\n\n\n<div class=\"section-wrapper\" data-id=\"OnKEJe\"><section class=\"wp-block-gutenverse-section guten-element guten-section guten-OnKEJe layout-boxed align-stretch\"><div class=\"guten-background-overlay\"><\/div><div class=\"guten-shape-divider guten-shape-divider-top\"><\/div><div class=\"guten-shape-divider guten-shape-divider-bottom\"><\/div><div class=\"guten-container guten-column-gap-no\">\n<div class=\"wp-block-gutenverse-column guten-element guten-column guten-Z0aWjw\"><div class=\"guten-background-overlay\"><\/div><div class=\"sticky-wrapper\" data-id=\"Z0aWjw\"><div class=\"guten-column-wrapper\">\n<div class=\"guten-element guten-advanced-heading guten-BcgGGJ animated guten-element-hide desktop-fadeInLeft\"><div class=\"heading-section \"><div class=\"heading-line before\"><\/div><h2 class=\"heading-title\">Branding complet<span class=\"heading-focus\"><\/span><\/h2><\/div><span class=\"heading-subtitle\">Creeaz\u0103-\u021bi o marc\u0103 de succes cu serviciile noastre de branding profesional!<\/span><\/div>\n<\/div><\/div><\/div>\n\n\n\n<div class=\"wp-block-gutenverse-column guten-element guten-column guten-mGguHg hide-mobile\"><div class=\"guten-background-overlay\"><\/div><div class=\"sticky-wrapper\" data-id=\"mGguHg\"><div class=\"guten-column-wrapper\"><\/div><\/div><\/div>\n<\/div><\/section><\/div>\n\n\n\n<div class=\"section-wrapper\" data-id=\"0Ndl98\"><section class=\"wp-block-gutenverse-section guten-element guten-section guten-0Ndl98 layout-boxed align-stretch\"><div class=\"guten-background-overlay\"><\/div><div class=\"guten-shape-divider guten-shape-divider-top\"><\/div><div class=\"guten-shape-divider guten-shape-divider-bottom\"><\/div><div class=\"guten-container guten-column-gap-default\">\n<div class=\"wp-block-gutenverse-column guten-element guten-column guten-GWZamm\"><div class=\"guten-background-overlay\"><\/div><div class=\"sticky-wrapper\" data-id=\"GWZamm\"><div class=\"guten-column-wrapper\"><\/div><\/div><\/div>\n\n\n\n<div class=\"wp-block-gutenverse-column guten-element guten-column guten-g8BifF\"><div class=\"guten-background-overlay\"><\/div><div class=\"sticky-wrapper\" data-id=\"g8BifF\"><div class=\"guten-column-wrapper\">\n<p class=\"has-text-align-center has-small-font-size\">Serviciul nostru de branding profesional ofer\u0103 o viziune unic\u0103 \u0219i creativ\u0103, construirea unei m\u0103rci solide \u0219i durabile, precum \u0219i strategii inovatoare \u0219i eficiente de marketing \u0219i design, benefice clien\u021bilor prin cre\u0219terea vizibilit\u0103\u021bii, accelerarea cre\u0219terii v\u00e2nz\u0103rilor, c\u00e2\u0219tigarea \u00eencrederii clien\u021bilor \u0219i dezvoltarea unei rela\u021bii de durata cu ace\u0219tia.\u00cen plus, oferim servicii complete de identitatea firmei (<strong>c\u0103r\u021bi de vizita, coli cu antet, mape de prezentare, plicuri, foi de noti\u021be, logo design<\/strong>), advertising \u0219i marketing <strong>(afi\u0219e, flutura\u0219i \u2013 flyere, pliante, etichete autoadezive, carduri de fidelitate, carduri de membru, carduri de reducere, felicit\u0103ri, bannere, roll up \u2013 banner vertical, autocolante<\/strong>), firme \u0219i reclame (<strong>panouri indicatoare, litere volumetrice polistiren, litere volumetrice PVC, litere volumetrice iluminate, casete luminoase<\/strong>) \u0219i servicii (<strong>inscrip\u021bion\u0103ri vitrine, inscrip\u021bion\u0103ri auto, personaliz\u0103ri<\/strong>), toate acestea urm\u0103rind construc\u021bia unei identit\u0103\u021bi de marc\u0103 solide \u0219i durabile, cre\u0219terea vizibilit\u0103\u021bii \u0219i a notoriet\u0103\u021bii, crearea unei m\u0103rci care s\u0103 aib\u0103 o conota\u021bie pozitiv\u0103 \u00een r\u00e2ndul consumatorilor \u0219i cre\u0219terea profitului.<\/p>\n\n\n\n<h2 class=\"has-text-align-center has-large-font-size wp-block-heading\">Te invit\u0103m s\u0103 descoperi avantajele oferite de echipa noastr\u0103 profesionist\u0103 \u00een design \u0219i branding!<\/h2>\n<\/div><\/div><\/div>\n\n\n\n<div class=\"wp-block-gutenverse-column guten-element guten-column guten-4EcaGa\"><div class=\"guten-background-overlay\"><\/div><div class=\"sticky-wrapper\" data-id=\"4EcaGa\"><div class=\"guten-column-wrapper\"><\/div><\/div><\/div>\n<\/div><\/section><\/div>\n\n\n\n<div class=\"section-wrapper\" data-id=\"NP3dCL\"><section class=\"wp-block-gutenverse-section guten-element guten-section guten-NP3dCL layout-boxed align-stretch\"><div class=\"guten-background-overlay\"><\/div><div class=\"guten-shape-divider guten-shape-divider-top\"><\/div><div class=\"guten-shape-divider guten-shape-divider-bottom\"><\/div><div class=\"guten-container guten-column-gap-default\">\n<div class=\"wp-block-gutenverse-column guten-element guten-column guten-7xEUWz\"><div class=\"guten-background-overlay\"><\/div><div class=\"sticky-wrapper\" data-id=\"7xEUWz\"><div class=\"guten-column-wrapper\"><\/div><\/div><\/div>\n\n\n\n<div class=\"wp-block-gutenverse-column guten-element guten-column guten-GMV3YD\"><div class=\"guten-background-overlay\"><\/div><div class=\"sticky-wrapper\" data-id=\"GMV3YD\"><div class=\"guten-column-wrapper\">\n<h2 class=\"wp-block-gutenverse-heading guten-element guten-KlkHxu\">De ce s\u0103 alegi Digital Identity? \ud83e\udd16<\/h2>\n<\/div><\/div><\/div>\n\n\n\n<div class=\"wp-block-gutenverse-column guten-element guten-column guten-HbekjQ\"><div class=\"guten-background-overlay\"><\/div><div class=\"sticky-wrapper\" data-id=\"HbekjQ\"><div class=\"guten-column-wrapper\"><\/div><\/div><\/div>\n<\/div><\/section><\/div>\n\n\n\n<div class=\"section-wrapper\" data-id=\"e74cw3\"><section class=\"wp-block-gutenverse-section guten-element guten-section guten-e74cw3 layout-boxed align-stretch\"><div class=\"guten-background-overlay\"><\/div><div class=\"guten-shape-divider guten-shape-divider-top\"><\/div><div class=\"guten-shape-divider guten-shape-divider-bottom\"><\/div><div class=\"guten-container guten-column-gap-default\">\n<div class=\"wp-block-gutenverse-column guten-element guten-column guten-MVU9Qp\"><div class=\"guten-background-overlay\"><\/div><div class=\"sticky-wrapper\" data-id=\"MVU9Qp\"><div class=\"guten-column-wrapper\">\n<div class=\"wp-block-gutenverse-image guten-element guten-image guten-uhy5GA\"><a class=\"guten-image-wrapper\"><img decoding=\"async\" class=\"gutenverse-image-box-filled\" src=\"https:\/\/digital-identity.ro\/wp-content\/uploads\/2023\/01\/echipa-profesionala-care-te-ajuta-sa-obtii-succesul-firmei-tale-e1674825989823.jpg\" height=\"801\" width=\"864\"\/><\/a><\/div>\n<\/div><\/div><\/div>\n\n\n\n<div class=\"wp-block-gutenverse-column guten-element guten-column guten-DH4S40\"><div class=\"guten-background-overlay\"><\/div><div class=\"sticky-wrapper\" data-id=\"DH4S40\"><div class=\"guten-column-wrapper\">\n<figure class=\"wp-block-table has-small-font-size\"><table style=\"border-style:none;border-width:0px\"><tbody><tr><td><strong>\ud83d\udd0e<\/strong><\/td><td>Oferim o modalitate eficient\u0103 \u0219i economic\u0103 de a crea o prezen\u021b\u0103 online unificat\u0103 \u0219i de a identifica o marc\u0103 \u00een mediul digital.<\/td><\/tr><tr><td>\ud83e\uddf2<\/td><td>Prin serviciul nostru de branding oferim posibilitatea de a construi un portofoliu online, care poate fi folosit la promovarea produsului sau serviciului t\u0103u.<\/td><\/tr><tr><td>\ud83c\udf0f<\/td><td>Punem la dispozi\u021bie instrumente de rebranding profesionale, cum ar fi crearea de logo-uri, dezvoltarea de site-uri web \u0219i crearea de materiale de marketing digital.<\/td><\/tr><tr><td>\ud83d\udd27<\/td><td>Te ajut\u0103 s\u0103 \u00ee\u021bi construie\u0219ti o imagine de marc\u0103 puternic\u0103 \u0219i s\u0103 \u00ee\u021bi men\u021bii mai mult\u0103 vizibilitate \u00een mediul online.<\/td><\/tr><tr><td>\ud83d\udee1<\/td><td>Putem \u00eembun\u0103t\u0103\u021bi \u0219i \u00eent\u0103ri rela\u021biile cu clien\u021bii \u0219i partenerii t\u0103i, prin crearea unei prezente online coerente \u0219i puternice.<\/td><\/tr><\/tbody><\/table><\/figure>\n<\/div><\/div><\/div>\n<\/div><\/section><\/div>\n<\/div><\/div><\/div>\n<\/div><\/section><\/div>\n","protected":false},"excerpt":{"rendered":"","protected":false},"author":1,"featured_media":0,"parent":1499,"menu_order":0,"comment_status":"closed","ping_status":"closed","template":"","meta":{"footnotes":""},"class_list":["post-1593","page","type-page","status-publish","hentry"],"_links":{"self":[{"href":"https:\/\/digital-identity.ro\/ro\/wp-json\/wp\/v2\/pages\/1593","targetHints":{"allow":["GET"]}}],"collection":[{"href":"https:\/\/digital-identity.ro\/ro\/wp-json\/wp\/v2\/pages"}],"about":[{"href":"https:\/\/digital-identity.ro\/ro\/wp-json\/wp\/v2\/types\/page"}],"author":[{"embeddable":true,"href":"https:\/\/digital-identity.ro\/ro\/wp-json\/wp\/v2\/users\/1"}],"replies":[{"embeddable":true,"href":"https:\/\/digital-identity.ro\/ro\/wp-json\/wp\/v2\/comments?post=1593"}],"version-history":[{"count":10,"href":"https:\/\/digital-identity.ro\/ro\/wp-json\/wp\/v2\/pages\/1593\/revisions"}],"predecessor-version":[{"id":1710,"href":"https:\/\/digital-identity.ro\/ro\/wp-json\/wp\/v2\/pages\/1593\/revisions\/1710"}],"up":[{"embeddable":true,"href":"https:\/\/digital-identity.ro\/ro\/wp-json\/wp\/v2\/pages\/1499"}],"wp:attachment":[{"href":"https:\/\/digital-identity.ro\/ro\/wp-json\/wp\/v2\/media?parent=1593"}],"curies":[{"name":"wp","href":"https:\/\/api.w.org\/{rel}","templated":true}]}}