{"id":1110,"date":"2023-01-27T13:58:39","date_gmt":"2023-01-27T13:58:39","guid":{"rendered":"https:\/\/digital-identity.ro\/?page_id=1110"},"modified":"2023-02-23T13:44:30","modified_gmt":"2023-02-23T13:44:30","slug":"preturi-creare-copywriting-si-content-writing","status":"publish","type":"page","link":"https:\/\/digital-identity.ro\/ro\/preturi\/preturi-creare-copywriting-si-content-writing\/","title":{"rendered":"Copywriting."},"content":{"rendered":"\n<div class=\"section-wrapper\" data-id=\"0xMmj4\"><section class=\"wp-block-gutenverse-section guten-element guten-section guten-0xMmj4 layout-boxed align-stretch\"><div class=\"guten-background-overlay\"><\/div><div class=\"guten-shape-divider guten-shape-divider-top\"><\/div><div class=\"guten-shape-divider guten-shape-divider-bottom\"><\/div><div class=\"guten-container guten-column-gap-default\">\n<div class=\"wp-block-gutenverse-column guten-element guten-column guten-JYItSA\"><div class=\"guten-background-overlay\"><\/div><div class=\"sticky-wrapper\" data-id=\"JYItSA\"><div class=\"guten-column-wrapper\">\n<div class=\"section-wrapper\" data-id=\"2vPIkr\"><section class=\"wp-block-gutenverse-section guten-element guten-section guten-2vPIkr layout-boxed align-stretch\"><div class=\"guten-background-overlay\"><\/div><div class=\"guten-shape-divider guten-shape-divider-top\"><\/div><div class=\"guten-shape-divider guten-shape-divider-bottom\"><\/div><div class=\"guten-container guten-column-gap-no\">\n<div class=\"wp-block-gutenverse-column guten-element guten-column guten-UNqA2e\"><div class=\"guten-background-overlay\"><\/div><div class=\"sticky-wrapper\" data-id=\"UNqA2e\"><div class=\"guten-column-wrapper\">\n<div class=\"guten-element guten-advanced-heading guten-h2bOdg animated guten-element-hide desktop-fadeInLeft\"><div class=\"heading-section \"><div class=\"heading-line before\"><\/div><h2 class=\"heading-title\">Servicii de content writing<span class=\"heading-focus\"><\/span><\/h2><\/div><span class=\"heading-subtitle\">Ne place sa oferim cele mai bune servicii de copywriting pentru clientii nostri, iar preturile noastre sunt competitive.<\/span><\/div>\n<\/div><\/div><\/div>\n\n\n\n<div class=\"wp-block-gutenverse-column guten-element guten-column guten-P6UnbT hide-mobile\"><div class=\"guten-background-overlay\"><\/div><div class=\"sticky-wrapper\" data-id=\"P6UnbT\"><div class=\"guten-column-wrapper\"><\/div><\/div><\/div>\n<\/div><\/section><\/div>\n\n\n\n<div class=\"section-wrapper\" data-id=\"yAuVdl\"><section class=\"wp-block-gutenverse-section guten-element guten-section guten-yAuVdl layout-boxed align-stretch\"><div class=\"guten-background-overlay\"><\/div><div class=\"guten-shape-divider guten-shape-divider-top\"><\/div><div class=\"guten-shape-divider guten-shape-divider-bottom\"><\/div><div class=\"guten-container guten-column-gap-default\">\n<div class=\"wp-block-gutenverse-column guten-element guten-column guten-mnwC3V\"><div class=\"guten-background-overlay\"><\/div><div class=\"sticky-wrapper\" data-id=\"mnwC3V\"><div class=\"guten-column-wrapper\"><\/div><\/div><\/div>\n\n\n\n<div class=\"wp-block-gutenverse-column guten-element guten-column guten-FP18k1\"><div class=\"guten-background-overlay\"><\/div><div class=\"sticky-wrapper\" data-id=\"FP18k1\"><div class=\"guten-column-wrapper\">\n<p class=\"has-text-align-center has-large-font-size\">Suntem o echip\u0103 de profesioni\u0219ti \u00een domeniu cu o experien\u021b\u0103 de peste 10 ani \u00een scrierea de con\u021binut de calitate. Ne dedic\u0103m s\u0103 oferim servicii de \u00eenalt\u0103 calitate la pre\u021burile cele mai bune, astfel \u00eenc\u00e2t s\u0103 putem servi fiecare client \u00een mod corespunz\u0103tor.<\/p>\n\n\n\n<h2 class=\"has-normal-font-size wp-block-heading\">Oferta noastr\u0103 include pre\u021buri competitive \u0219i servicii de \u00eenalt\u0103 calitate.<\/h2>\n\n\n\n<p class=\"has-text-align-center has-normal-font-size\">Vom oferi servicii personalizate \u00een func\u021bie de nevoile \u0219i bugetul fiec\u0103rui client. Ne adapt\u0103m la fiecare proiect \u00een parte \u0219i ne asigur\u0103m c\u0103 satisfacem cerin\u021bele \u0219i a\u0219tept\u0103rile clientului. Vom lucra cu tine pentru a ne asigura c\u0103 avem un con\u021binut de calitate care s\u0103 maximizeze impactul \u0219i s\u0103 reflecte valorile \u0219i scopul companiei tale.<\/p>\n\n\n\n<p class=\"has-text-align-center has-small-font-size\">Ne str\u0103duim s\u0103 oferim clientului servicii de \u00eenalt\u0103 calitate la pre\u021buri accesibile de aceea, calcul\u0103m pre\u021bul \u00een func\u021bie de volumul de munc\u0103 necesar \u0219i de complexitatea proiectului. Pentru a afl\u0103 pre\u021bul exact al unui proiect,&nbsp;te&nbsp;rug\u0103m s\u0103 ne contactaezi&nbsp;\u0219i s\u0103 ne oferi detaliile necesare. Vom face tot posibilul s\u0103&nbsp;\u00ee\u021bi&nbsp;r\u0103spundem \u00een cel mai scurt timp posibil cu un pre\u021b estimativ.<\/p>\n\n\n\n<h2 class=\"has-large-font-size wp-block-heading\">Suntem aici s\u0103 te ajut\u0103m!<\/h2>\n<\/div><\/div><\/div>\n\n\n\n<div class=\"wp-block-gutenverse-column guten-element guten-column guten-OTmRoP\"><div class=\"guten-background-overlay\"><\/div><div class=\"sticky-wrapper\" data-id=\"OTmRoP\"><div class=\"guten-column-wrapper\"><\/div><\/div><\/div>\n<\/div><\/section><\/div>\n\n\n\n<div class=\"section-wrapper\" data-id=\"re7Rkt\"><section class=\"wp-block-gutenverse-section guten-element guten-section guten-re7Rkt layout-boxed align-stretch\"><div class=\"guten-background-overlay\"><\/div><div class=\"guten-shape-divider guten-shape-divider-top\"><\/div><div class=\"guten-shape-divider guten-shape-divider-bottom\"><\/div><div class=\"guten-container guten-column-gap-default\">\n<div class=\"wp-block-gutenverse-column guten-element guten-column guten-OVLkH2\"><div class=\"guten-background-overlay\"><\/div><div class=\"sticky-wrapper\" data-id=\"OVLkH2\"><div class=\"guten-column-wrapper\"><\/div><\/div><\/div>\n\n\n\n<div class=\"wp-block-gutenverse-column guten-element guten-column guten-AaNUcx\"><div class=\"guten-background-overlay\"><\/div><div class=\"sticky-wrapper\" data-id=\"AaNUcx\"><div class=\"guten-column-wrapper\">\n<div class=\"wp-block-group is-layout-constrained wp-block-group-is-layout-constrained\">\n<div class=\"guten-element guten-animated-text guten-Azwdko style-zoom\" data-animation=\"zoom\" data-loop=\"true\"><h1 class=\"text-content\">Indecis?<\/h1><\/div>\n\n\n\n<p class=\"has-text-align-center has-zeever-secondary-color has-text-color has-normal-font-size\">\u00ce\u021bi st\u0103m la dispozi\u021bie pentru orice nel\u0103murire ai avea sau chiar pentru un pachet structurat special pe nevoile tale.<\/p>\n\n\n\n<div class=\"guten-element guten-button-wrapper guten-VG64B9\"><a class=\"guten-button guten-button-info guten-button-md\" href=\"https:\/\/digital-identity.ro\/contact\/\"><span>Contacteaz\u0103-ne<\/span><\/a><\/div>\n<\/div>\n<\/div><\/div><\/div>\n\n\n\n<div class=\"wp-block-gutenverse-column guten-element guten-column guten-N16pN9\"><div class=\"guten-background-overlay\"><\/div><div class=\"sticky-wrapper\" data-id=\"N16pN9\"><div class=\"guten-column-wrapper\"><\/div><\/div><\/div>\n<\/div><\/section><\/div>\n\n\n\n<div class=\"wp-block-group has-zeever-bgsoft-background-color has-background is-layout-constrained wp-container-core-group-is-layout-22177b6a wp-block-group-is-layout-constrained\" style=\"padding-top:100px;padding-bottom:100px\">\n<div class=\"wp-block-columns is-layout-flex wp-container-core-columns-is-layout-28f84493 wp-block-columns-is-layout-flex\">\n<div class=\"wp-block-column is-layout-flow wp-block-column-is-layout-flow\">\n<div class=\"wp-block-group is-layout-flow wp-block-group-is-layout-flow\">\n<div class=\"wp-block-columns is-layout-flex wp-container-core-columns-is-layout-28f84493 wp-block-columns-is-layout-flex\">\n<div class=\"wp-block-column is-layout-flow wp-block-column-is-layout-flow\">\n<h2 class=\"has-text-align-left is-style-lineseparator zeever-animate zeever-move-right zeever-delay-1 has-zeever-primary-color has-text-color has-heading-2-font-size wp-block-heading\">Beneficiile scrierii de con\u021binut<\/h2>\n\n\n\n<h2 class=\"has-text-align-left zeever-animate zeever-move-right zeever-delay-3 has-zeever-secondary-color has-text-color has-tiny-font-size wp-block-heading\" style=\"font-style:normal;font-weight:500;text-transform:uppercase\">iat\u0103 doar c\u0103teva dintre motivele pentru care clien\u021bii no\u0219tri aleg s\u0103 lase \u00een m\u00e2inile noastre copywriting-ul.<\/h2>\n<\/div>\n<\/div>\n<\/div>\n\n\n\n<div class=\"wp-block-group zeever-animate zeever-move-up zeever-delay-3 is-layout-constrained wp-container-core-group-is-layout-32cee7d8 wp-block-group-is-layout-constrained\" style=\"padding-top:40px\">\n<div class=\"wp-block-columns is-layout-flex wp-container-core-columns-is-layout-28f84493 wp-block-columns-is-layout-flex\">\n<div class=\"wp-block-column is-style-customborderbottomhover zeever-animate zeever-move-up zeever-delay-1 has-background is-layout-flow wp-block-column-is-layout-flow\" style=\"background-color:#121212;padding-top:50px;padding-right:40px;padding-bottom:50px;padding-left:40px\">\n<div class=\"wp-block-gutenverse-icon guten-element guten-4vULMK guten-icon\"><span class=\"guten-icon-wrapper rounded stacked\"><i class=\"gtn gtn-view-light\"><\/i><\/span><\/div>\n\n\n\n<h2 class=\"has-text-align-left has-zeever-primary-color has-text-color has-heading-3-font-size wp-block-heading\" style=\"margin-top:30px;margin-bottom:20px\">Experien\u021b\u0103 ridicat\u0103<\/h2>\n\n\n\n<p class=\"has-text-align-left has-zeever-bodytext-color has-text-color\"><strong>\u00ce\u021bi punem la dispozi\u021bie experien\u021ba \u0219i cuno\u0219tin\u021bele noastre profesionale pentru a te ajuta s\u0103 \u00ee\u021bi atingi obiectivele.<\/strong><\/p>\n<\/div>\n\n\n\n<div class=\"wp-block-column is-style-customborderbottom zeever-animate zeever-move-up zeever-delay-3 has-zeever-secondary-background-color has-background is-layout-flow wp-block-column-is-layout-flow\" style=\"padding-top:50px;padding-right:40px;padding-bottom:0px;padding-left:40px\">\n<div class=\"wp-block-gutenverse-icon guten-element guten-Eu5UzG guten-icon\"><span class=\"guten-icon-wrapper rounded stacked\"><i class=\"gtn gtn-team-worker-line\"><\/i><\/span><\/div>\n\n\n\n<h2 class=\"has-text-align-left has-black-color has-text-color has-heading-3-font-size wp-block-heading\" style=\"margin-top:20px;font-style:normal;font-weight:600\">Autenticitate<\/h2>\n\n\n\n<p class=\"has-text-align-left has-zeever-bgsoft-color has-text-color\">Asiguram autenticitatea con\u021binutului creat pentru tine, asigur\u00e2ndu-\u021bi c\u0103 nu exist\u0103 alte materiale similare.<\/p>\n<\/div>\n\n\n\n<div class=\"wp-block-column is-style-customborderbottomhover zeever-animate zeever-move-up zeever-delay-5 has-background is-layout-flow wp-block-column-is-layout-flow\" style=\"background-color:#121212;padding-top:50px;padding-right:40px;padding-bottom:50px;padding-left:40px\">\n<div class=\"wp-block-gutenverse-icon guten-element guten-sRUbuR guten-icon\"><span class=\"guten-icon-wrapper rounded stacked\"><i class=\"gtn gtn-pricing-table-light\"><\/i><\/span><\/div>\n\n\n\n<h2 class=\"has-text-align-left has-zeever-primary-color has-text-color has-heading-3-font-size wp-block-heading\" style=\"margin-top:30px;margin-bottom:20px;font-style:normal;font-weight:600\">Eficien\u021b\u0103 sporit\u0103<\/h2>\n\n\n\n<p class=\"has-text-align-left has-zeever-bodytext-color has-text-color\"><strong>Economise\u0219ti mult timp \u0219i efort, l\u0103s\u00e2ndu-te liber s\u0103 te concentrezi pe alte aspecte ale afacerii tale.<\/strong><\/p>\n<\/div>\n<\/div>\n<\/div>\n\n\n\n<div class=\"wp-block-group zeever-animate zeever-move-up zeever-delay-3 is-layout-constrained wp-container-core-group-is-layout-32cee7d8 wp-block-group-is-layout-constrained\" style=\"padding-top:40px\">\n<div class=\"wp-block-columns is-layout-flex wp-container-core-columns-is-layout-28f84493 wp-block-columns-is-layout-flex\">\n<div class=\"wp-block-column zeever-animate zeever-move-up zeever-delay-1 is-style-customborderbottom has-zeever-secondary-background-color has-background is-layout-flow wp-block-column-is-layout-flow\" style=\"padding-top:50px;padding-right:40px;padding-bottom:50px;padding-left:40px\">\n<div class=\"wp-block-gutenverse-icon guten-element guten-2bGcRg guten-icon\"><span class=\"guten-icon-wrapper rounded stacked\"><i class=\"gtn gtn-trending-down-line\"><\/i><\/span><\/div>\n\n\n\n<h2 class=\"has-text-align-left has-zeever-third-color has-text-color has-heading-3-font-size wp-block-heading\" style=\"margin-top:20px;font-style:normal;font-weight:600\">Cost reduse<\/h2>\n\n\n\n<p class=\"has-text-align-left has-zeever-third-color has-text-color\"><strong>Serviciul nostru te ajut\u0103 s\u0103 reduci costurile interne \u0219i s\u0103 men\u021bii \u00een acela\u0219i timp calitatea con\u021binutului.<\/strong><\/p>\n<\/div>\n\n\n\n<div class=\"wp-block-column is-style-customborderbottomhover zeever-animate zeever-move-up zeever-delay-3 has-background is-layout-flow wp-block-column-is-layout-flow\" style=\"background-color:#121212;padding-top:50px;padding-right:40px;padding-bottom:50px;padding-left:40px\">\n<div class=\"wp-block-gutenverse-icon guten-element guten-WW8uUO guten-icon\"><span class=\"guten-icon-wrapper rounded stacked\"><i class=\"gtn gtn-image-justify-light\"><\/i><\/span><\/div>\n\n\n\n<h2 class=\"has-text-align-left has-zeever-primary-color has-text-color has-heading-3-font-size wp-block-heading\" style=\"margin-top:20px;font-style:normal;font-weight:600\">Optimizare SEO<\/h2>\n\n\n\n<p class=\"has-text-align-left has-zeever-bodytext-color has-text-color\"><strong>Pentru a ob\u021bine mai mult traffic \u0219i implicit conversii pentru site-ul t\u0103u scriem doar con\u021binut optimizat SEO.<\/strong><\/p>\n<\/div>\n\n\n\n<div class=\"wp-block-column zeever-animate zeever-move-up zeever-delay-5 is-style-customborderbottom has-zeever-secondary-background-color has-background is-layout-flow wp-block-column-is-layout-flow\" style=\"padding-top:50px;padding-right:40px;padding-bottom:50px;padding-left:40px\">\n<div class=\"wp-block-gutenverse-icon guten-element guten-4EkudE guten-icon\"><span class=\"guten-icon-wrapper rounded stacked\"><i class=\"gtn gtn-consult-light\"><\/i><\/span><\/div>\n\n\n\n<h2 class=\"has-text-align-left has-zeever-third-color has-text-color has-heading-3-font-size wp-block-heading\" style=\"margin-top:20px;font-style:normal;font-weight:600\">Avantaj concuren\u021bial<\/h2>\n\n\n\n<p class=\"has-text-align-left has-zeever-third-color has-text-color\"><strong>Ne asigur\u0103m s\u0103 \u00ee\u021bi cre\u0103m avantaj concuren\u021bial prin con\u021binut unic \u0219i amalize de pia\u021b\u0103 constante.<\/strong><\/p>\n<\/div>\n<\/div>\n<\/div>\n<\/div>\n<\/div>\n<\/div>\n\n\n\n<div class=\"section-wrapper\" data-id=\"NP3dCL\"><section class=\"wp-block-gutenverse-section guten-element guten-section guten-NP3dCL layout-boxed align-stretch\"><div class=\"guten-background-overlay\"><\/div><div class=\"guten-shape-divider guten-shape-divider-top\"><\/div><div class=\"guten-shape-divider guten-shape-divider-bottom\"><\/div><div class=\"guten-container guten-column-gap-default\">\n<div class=\"wp-block-gutenverse-column guten-element guten-column guten-7xEUWz\"><div class=\"guten-background-overlay\"><\/div><div class=\"sticky-wrapper\" data-id=\"7xEUWz\"><div class=\"guten-column-wrapper\"><\/div><\/div><\/div>\n\n\n\n<div class=\"wp-block-gutenverse-column guten-element guten-column guten-GMV3YD\"><div class=\"guten-background-overlay\"><\/div><div class=\"sticky-wrapper\" data-id=\"GMV3YD\"><div class=\"guten-column-wrapper\">\n<h2 class=\"wp-block-gutenverse-heading guten-element guten-KlkHxu\">De ce s\u0103 alegi Digital Identity? \ud83e\udd16<\/h2>\n<\/div><\/div><\/div>\n\n\n\n<div class=\"wp-block-gutenverse-column guten-element guten-column guten-HbekjQ\"><div class=\"guten-background-overlay\"><\/div><div class=\"sticky-wrapper\" data-id=\"HbekjQ\"><div class=\"guten-column-wrapper\"><\/div><\/div><\/div>\n<\/div><\/section><\/div>\n\n\n\n<div class=\"section-wrapper\" data-id=\"e74cw3\"><section class=\"wp-block-gutenverse-section guten-element guten-section guten-e74cw3 layout-boxed align-stretch\"><div class=\"guten-background-overlay\"><\/div><div class=\"guten-shape-divider guten-shape-divider-top\"><\/div><div class=\"guten-shape-divider guten-shape-divider-bottom\"><\/div><div class=\"guten-container guten-column-gap-default\">\n<div class=\"wp-block-gutenverse-column guten-element guten-column guten-MVU9Qp\"><div class=\"guten-background-overlay\"><\/div><div class=\"sticky-wrapper\" data-id=\"MVU9Qp\"><div class=\"guten-column-wrapper\">\n<div class=\"wp-block-gutenverse-image guten-element guten-image guten-uhy5GA\"><a class=\"guten-image-wrapper\"><img decoding=\"async\" class=\"gutenverse-image-box-filled\" src=\"https:\/\/digital-identity.ro\/wp-content\/uploads\/2023\/01\/echipa-profesionala-care-te-ajuta-sa-obtii-succesul-firmei-tale-e1674825989823.jpg\" height=\"801\" width=\"864\"\/><\/a><\/div>\n<\/div><\/div><\/div>\n\n\n\n<div class=\"wp-block-gutenverse-column guten-element guten-column guten-DH4S40\"><div class=\"guten-background-overlay\"><\/div><div class=\"sticky-wrapper\" data-id=\"DH4S40\"><div class=\"guten-column-wrapper\">\n<figure class=\"wp-block-table has-small-font-size\"><table style=\"border-style:none;border-width:0px\"><tbody><tr><td><strong>\ud83d\udd0e<\/strong><\/td><td>Pentru c\u0103 lu\u0103m \u00een serios dorin\u021bele tale \u0219i suntem implica\u021bi al\u0103turi de tine pentru a-\u021bi realiza visul.<\/td><\/tr><tr><td>\ud83e\uddf2<\/td><td>\u0218tim c\u0103 un con\u021binut bun este unealta perfect\u0103 pentru a vinde mai bine \u0219i pentru a atrage clien\u021bi.<\/td><\/tr><tr><td>\ud83c\udf0f<\/td><td>Cre\u0103m con\u021binut \u00een func\u021bie de domeniu de activitate \u00een care activezi \u0219i de viziunile tale.<\/td><\/tr><tr><td>\ud83d\udd27<\/td><td>Asigur\u0103m suport tehnic pe termen lung, update pagini \u0219i website, prin planuri de intre\u021binere accesibile.<\/td><\/tr><tr><td>\ud83d\udee1<\/td><td>Te acompaniem \u00een drumul spre succesul companiei tale, oricare ar fi obiectivele tale \u0219i pe orice pia\u021b\u0103 ai opera, la nivel na\u021bional sau mondial.<\/td><\/tr><\/tbody><\/table><\/figure>\n<\/div><\/div><\/div>\n<\/div><\/section><\/div>\n<\/div><\/div><\/div>\n<\/div><\/section><\/div>\n\n\n\n<p><\/p>\n","protected":false},"excerpt":{"rendered":"","protected":false},"author":1,"featured_media":0,"parent":1499,"menu_order":0,"comment_status":"closed","ping_status":"closed","template":"","meta":{"footnotes":""},"class_list":["post-1110","page","type-page","status-publish","hentry"],"_links":{"self":[{"href":"https:\/\/digital-identity.ro\/ro\/wp-json\/wp\/v2\/pages\/1110","targetHints":{"allow":["GET"]}}],"collection":[{"href":"https:\/\/digital-identity.ro\/ro\/wp-json\/wp\/v2\/pages"}],"about":[{"href":"https:\/\/digital-identity.ro\/ro\/wp-json\/wp\/v2\/types\/page"}],"author":[{"embeddable":true,"href":"https:\/\/digital-identity.ro\/ro\/wp-json\/wp\/v2\/users\/1"}],"replies":[{"embeddable":true,"href":"https:\/\/digital-identity.ro\/ro\/wp-json\/wp\/v2\/comments?post=1110"}],"version-history":[{"count":8,"href":"https:\/\/digital-identity.ro\/ro\/wp-json\/wp\/v2\/pages\/1110\/revisions"}],"predecessor-version":[{"id":1573,"href":"https:\/\/digital-identity.ro\/ro\/wp-json\/wp\/v2\/pages\/1110\/revisions\/1573"}],"up":[{"embeddable":true,"href":"https:\/\/digital-identity.ro\/ro\/wp-json\/wp\/v2\/pages\/1499"}],"wp:attachment":[{"href":"https:\/\/digital-identity.ro\/ro\/wp-json\/wp\/v2\/media?parent=1110"}],"curies":[{"name":"wp","href":"https:\/\/api.w.org\/{rel}","templated":true}]}}